{"id":3,"date":"2023-04-05T21:32:59","date_gmt":"2023-04-05T19:32:59","guid":{"rendered":"http:\/\/localhost\/kk\/?page_id=3"},"modified":"2024-04-24T00:50:33","modified_gmt":"2024-04-23T22:50:33","slug":"ochrana-sukromia","status":"publish","type":"page","link":"https:\/\/2keepers.com\/sk\/ochrana-sukromia\/","title":{"rendered":"S\u00daHLAS SO SPRACOVAN\u00cdM OSOBN\u00ddCH \u00daDAJOVBN\u00ddCH \u00daDAJOV"},"content":{"rendered":"\n<p>V&nbsp;s\u00favislosti so spracovan\u00edm Va\u0161ich osobn\u00fdch \u00fadajov (\u010falej len \u201e<strong>O\u00da<\/strong>\u201c) zo strany CAPITAL PLUS s.r.o., Karol Komara, Dobrianskeho 1651, Vranov nad Top\u013eou, 55674666: ako prev\u00e1dzkovate\u013ea, V\u00e1m ako osobe, ktor\u00e1 poskytuje svoje osobn\u00e9 \u00fadaje a&nbsp;ktorej osobn\u00e9 \u00fadaje sprac\u00favame (\u010falej len \u201e<strong>dotknut\u00e1 osoba<\/strong>\u201c) t\u00fdmto poskytujeme inform\u00e1cie pod\u013ea \u010dl\u00e1nkov 13 Nariadenia Eur\u00f3pskeho parlamentu a&nbsp;Rady (E\u00da) 2016\/679 z&nbsp;27. apr\u00edla 2016 o&nbsp;ochrane fyzick\u00fdch os\u00f4b pri sprac\u00favan\u00ed osobn\u00fdch \u00fadajov a&nbsp;o&nbsp;vo\u013enom pohybe tak\u00fdchto \u00fadajov (\u010falej len \u201e<strong>GDPR<\/strong>\u201c)<\/p>\n\n\n\n<p>Prev\u00e1dzkovate\u013e: CAPITAL PLUS s.r.o., Dobrianskeho 1651, Vranov nad Top\u013eou<\/p>\n\n\n\n<p>Dotknut\u00e1 osoba: &#8230;&#8230;&#8230;&#8230;&#8230;&#8230;&#8230;&#8230;&#8230;&#8230;&#8230;&#8230;&#8230;&#8230;&#8230;&#8230;&#8230;&#8230;&#8230;&#8230;&#8230;&#8230;&#8230;&#8230;&#8230;&#8230;&#8230;&#8230;&#8230;&#8230;&#8230;&#8230;&#8230;&#8230;<\/p>\n\n\n\n<p>Zoznam osobn\u00fdch \u00fadajov: Titul, meno a priezvisko, ulica, \u010d\u00edslo domu, mesto, PS\u010c, e-mailov\u00e1 adresa, telef\u00f3nne \u010d\u00edslo<\/p>\n\n\n\n<p>\u00da\u010dely spracovania osobn\u00fdch \u00fadajov:<\/p>\n\n\n\n<p>\u00da\u010dtovn\u00e9 a da\u0148ov\u00e9 \u00fa\u010dely, Dodanie a odoslanie tovaru, Kontaktovanie prostredn\u00edctvom formul\u00e1ra, \u010eal\u0161ie sprac\u00favanie v zmysle platn\u00fdch pr\u00e1vnych predpisov.<\/p>\n\n\n\n<p>Osobn\u00e9 \u00fadaje sa nesm\u00fa \u010falej spracov\u00e1va\u0165 sp\u00f4sobom, ktor\u00fd nie je zlu\u010dite\u013en\u00fd s t\u00fdmito \u00fa\u010delmi.<\/p>\n\n\n\n<p>Pr\u00edjemcovia osobn\u00fdch \u00fadajov: Prepravn\u00e9 a kuri\u00e9rske spolo\u010dnosti, Slovensk\u00e1 po\u0161ta, extern\u00fd \u00fa\u010dtovn\u00edk, IT administr\u00e1tor<\/p>\n\n\n\n<p>Pr\u00e1vny z\u00e1klad spracovania osobn\u00fdch \u00fadajov \u2013 \u010cl. 6 ods. 1. p\u00edsm. b) a\u017e f) GDPR. &#8211;&nbsp;<\/p>\n\n\n\n<figure class=\"wp-block-table\"><table><tbody><tr><td>b)<\/td><td>sprac\u00favanie je nevyhnutn\u00e9 na plnenie zmluvy, ktorej zmluvnou stranou je dotknut\u00e1 osoba, alebo aby sa na z\u00e1klade \u017eiadosti dotknutej osoby vykonali opatrenia pred uzatvoren\u00edm zmluvy;<\/td><\/tr><\/tbody><\/table><\/figure>\n\n\n\n<figure class=\"wp-block-table\"><table><tbody><tr><td>c)<\/td><td>sprac\u00favanie je nevyhnutn\u00e9 na splnenie z\u00e1konnej povinnosti prev\u00e1dzkovate\u013ea;<\/td><\/tr><\/tbody><\/table><\/figure>\n\n\n\n<figure class=\"wp-block-table\"><table><tbody><tr><td>d)<\/td><td>sprac\u00favanie je nevyhnutn\u00e9, aby sa ochr\u00e1nili \u017eivotne d\u00f4le\u017eit\u00e9 z\u00e1ujmy dotknutej osoby alebo inej fyzickej osoby;<\/td><\/tr><\/tbody><\/table><\/figure>\n\n\n\n<figure class=\"wp-block-table\"><table><tbody><tr><td>e)<\/td><td>sprac\u00favanie je nevyhnutn\u00e9 na splnenie \u00falohy realizovanej vo verejnom z\u00e1ujme alebo pri v\u00fdkone verejnej moci zverenej prev\u00e1dzkovate\u013eovi;<\/td><\/tr><\/tbody><\/table><\/figure>\n\n\n\n<figure class=\"wp-block-table\"><table><tbody><tr><td>f)<\/td><td>sprac\u00favanie je nevyhnutn\u00e9 na \u00fa\u010dely opr\u00e1vnen\u00fdch z\u00e1ujmov, ktor\u00e9 sleduje prev\u00e1dzkovate\u013e alebo tretia strana, s v\u00fdnimkou pr\u00edpadov, ke\u010f nad tak\u00fdmito z\u00e1ujmami preva\u017euj\u00fa z\u00e1ujmy alebo z\u00e1kladn\u00e9 pr\u00e1va a slobody dotknutej osoby, ktor\u00e9 si vy\u017eaduj\u00fa ochranu osobn\u00fdch \u00fadajov, najm\u00e4 ak je dotknutou osobu die\u0165a.<\/td><\/tr><\/tbody><\/table><\/figure>\n\n\n\n<ul class=\"wp-block-list\">\n<li>doba uchov\u00e1vania osobn\u00fdch \u00fadajov \u2013 Po dobu minim\u00e1lne 1 roka od odoslania tovaru k z\u00e1kazn\u00edkovi\u00a0<\/li>\n\n\n\n<li>dotknut\u00e1 osoba t\u00fdmto \u010destne prehlasuje, \u017ee d\u00e1va prev\u00e1dzkovate\u013eovi svoj v\u00fdslovn\u00fd a\u00a0bezv\u00fdhradn\u00fd s\u00fahlas, aby sprac\u00faval jej osobn\u00e9 \u00fadaje vo vy\u0161\u0161ie uvedenom rozsahu, na uveden\u00fd \u00fa\u010del a\u00a0po\u010das vy\u0161\u0161ie uvedenej doby.<\/li>\n\n\n\n<li>dotknut\u00e1 osoba je povinn\u00e1 poskytn\u00fa\u0165 pravdiv\u00e9 a aktu\u00e1lne osobn\u00e9 \u00fadaje. V\u00a0pr\u00edpade zmeny osobn\u00fdch \u00fadajov je dotknut\u00e1 osoba povinn\u00e1 zmenu bezodkladne ozn\u00e1mi\u0165 prev\u00e1dzkovate\u013eovi.<\/li>\n\n\n\n<li>dotknut\u00e1 osoba m\u00e1 pr\u00e1vo kedyko\u013evek odvola\u0165 svoj s\u00fahlas. Odvolanie s\u00fahlasu nem\u00e1 vplyv na z\u00e1konnos\u0165 sprac\u00favania vych\u00e1dzaj\u00faceho zo s\u00fahlasu pred jeho odvolan\u00edm.<\/li>\n\n\n\n<li>pr\u00e1va dotknutej osoby vymedzuje kapitola 3 GDPR. Ide napr. o\u00a0pr\u00e1va po\u017eadova\u0165 od prev\u00e1dzkovate\u013ea pr\u00edstup k osobn\u00fdm \u00fadajom t\u00fdkaj\u00facim sa dotknutej osoby, pr\u00e1va na ich opravu alebo vymazanie alebo obmedzenie sprac\u00favania alebo pr\u00e1va namieta\u0165 proti sprac\u00favaniu, ako aj pr\u00e1va na prenosnos\u0165 \u00fadajov a pr\u00e1vo poda\u0165 s\u0165a\u017enos\u0165 dozorn\u00e9mu org\u00e1nu.<\/li>\n\n\n\n<li>dotknut\u00e1 osoba odoslan\u00edm potvrdzuje, \u017ee bola obozn\u00e1men\u00e1 s\u00a0uveden\u00fdmi inform\u00e1ciami a\u00a0s\u00fahlas\u00ed s\u00a0nimi.<\/li>\n<\/ul>\n\n\n\n<p><\/p>\n","protected":false},"excerpt":{"rendered":"<p>V&nbsp;s\u00favislosti so spracovan\u00edm Va\u0161ich osobn\u00fdch \u00fadajov (\u010falej len \u201eO\u00da\u201c) zo strany CAPITAL PLUS s.r.o., Karol Komara, Dobrianskeho 1651, Vranov nad Top\u013eou, 55674666: ako prev\u00e1dzkovate\u013ea, V\u00e1m ako osobe, ktor\u00e1 poskytuje svoje osobn\u00e9 \u00fadaje a&nbsp;ktorej osobn\u00e9 \u00fadaje sprac\u00favame (\u010falej len \u201edotknut\u00e1 osoba\u201c) t\u00fdmto poskytujeme inform\u00e1cie pod\u013ea \u010dl\u00e1nkov 13 Nariadenia Eur\u00f3pskeho parlamentu a&nbsp;Rady (E\u00da) 2016\/679 z&nbsp;27. apr\u00edla 2016&hellip; <a class=\"more-link\" href=\"https:\/\/2keepers.com\/sk\/ochrana-sukromia\/\">Pokra\u010dova\u0165 v \u010d\u00edtan\u00ed <span class=\"screen-reader-text\">S\u00daHLAS SO SPRACOVAN\u00cdM OSOBN\u00ddCH \u00daDAJOVBN\u00ddCH \u00daDAJOV<\/span><\/a><\/p>\n","protected":false},"author":1,"featured_media":0,"parent":0,"menu_order":0,"comment_status":"closed","ping_status":"open","template":"","meta":{"_acf_changed":false,"footnotes":""},"class_list":["post-3","page","type-page","status-publish","hentry","entry"],"acf":[],"yoast_head":"<!-- This site is optimized with the Yoast SEO plugin v26.6 - https:\/\/yoast.com\/wordpress\/plugins\/seo\/ -->\n<title>S\u00daHLAS SO SPRACOVAN\u00cdM OSOBN\u00ddCH \u00daDAJOVBN\u00ddCH \u00daDAJOV - KK Gloves<\/title>\n<meta name=\"robots\" content=\"index, follow, max-snippet:-1, max-image-preview:large, max-video-preview:-1\" \/>\n<link rel=\"canonical\" href=\"https:\/\/2keepers.com\/sk\/ochrana-sukromia\/\" \/>\n<meta property=\"og:locale\" content=\"sk_SK\" \/>\n<meta property=\"og:type\" content=\"article\" \/>\n<meta property=\"og:title\" content=\"S\u00daHLAS SO SPRACOVAN\u00cdM OSOBN\u00ddCH \u00daDAJOVBN\u00ddCH \u00daDAJOV - KK Gloves\" \/>\n<meta property=\"og:description\" content=\"V&nbsp;s\u00favislosti so spracovan\u00edm Va\u0161ich osobn\u00fdch \u00fadajov (\u010falej len \u201eO\u00da\u201c) zo strany CAPITAL PLUS s.r.o., Karol Komara, Dobrianskeho 1651, Vranov nad Top\u013eou, 55674666: ako prev\u00e1dzkovate\u013ea, V\u00e1m ako osobe, ktor\u00e1 poskytuje svoje osobn\u00e9 \u00fadaje a&nbsp;ktorej osobn\u00e9 \u00fadaje sprac\u00favame (\u010falej len \u201edotknut\u00e1 osoba\u201c) t\u00fdmto poskytujeme inform\u00e1cie pod\u013ea \u010dl\u00e1nkov 13 Nariadenia Eur\u00f3pskeho parlamentu a&nbsp;Rady (E\u00da) 2016\/679 z&nbsp;27. apr\u00edla 2016&hellip; Pokra\u010dova\u0165 v \u010d\u00edtan\u00ed S\u00daHLAS SO SPRACOVAN\u00cdM OSOBN\u00ddCH \u00daDAJOVBN\u00ddCH \u00daDAJOV\" \/>\n<meta property=\"og:url\" content=\"https:\/\/2keepers.com\/sk\/ochrana-sukromia\/\" \/>\n<meta property=\"og:site_name\" content=\"KK Gloves\" \/>\n<meta property=\"article:publisher\" content=\"https:\/\/www.facebook.com\/people\/KK-GLOVESsk-Brankrske-rukavice\/100083376575174\/\" \/>\n<meta property=\"article:modified_time\" content=\"2024-04-23T22:50:33+00:00\" \/>\n<meta name=\"twitter:card\" content=\"summary_large_image\" \/>\n<meta name=\"twitter:label1\" content=\"Predpokladan\u00fd \u010das \u010d\u00edtania\" \/>\n\t<meta name=\"twitter:data1\" content=\"3 min\u00faty\" \/>\n<script type=\"application\/ld+json\" class=\"yoast-schema-graph\">{\"@context\":\"https:\/\/schema.org\",\"@graph\":[{\"@type\":\"WebPage\",\"@id\":\"https:\/\/2keepers.com\/sk\/ochrana-sukromia\/\",\"url\":\"https:\/\/2keepers.com\/sk\/ochrana-sukromia\/\",\"name\":\"S\u00daHLAS SO SPRACOVAN\u00cdM OSOBN\u00ddCH \u00daDAJOVBN\u00ddCH \u00daDAJOV - KK Gloves\",\"isPartOf\":{\"@id\":\"https:\/\/2keepers.com\/sk\/#website\"},\"datePublished\":\"2023-04-05T19:32:59+00:00\",\"dateModified\":\"2024-04-23T22:50:33+00:00\",\"breadcrumb\":{\"@id\":\"https:\/\/2keepers.com\/sk\/ochrana-sukromia\/#breadcrumb\"},\"inLanguage\":\"sk-SK\",\"potentialAction\":[{\"@type\":\"ReadAction\",\"target\":[\"https:\/\/2keepers.com\/sk\/ochrana-sukromia\/\"]}]},{\"@type\":\"BreadcrumbList\",\"@id\":\"https:\/\/2keepers.com\/sk\/ochrana-sukromia\/#breadcrumb\",\"itemListElement\":[{\"@type\":\"ListItem\",\"position\":1,\"name\":\"Domovsk\u00e1 str\u00e1nka\",\"item\":\"https:\/\/2keepers.com\/sk\/\"},{\"@type\":\"ListItem\",\"position\":2,\"name\":\"S\u00daHLAS SO SPRACOVAN\u00cdM OSOBN\u00ddCH \u00daDAJOVBN\u00ddCH \u00daDAJOV\"}]},{\"@type\":\"WebSite\",\"@id\":\"https:\/\/2keepers.com\/sk\/#website\",\"url\":\"https:\/\/2keepers.com\/sk\/\",\"name\":\"KK Gloves\",\"description\":\"\",\"publisher\":{\"@id\":\"https:\/\/2keepers.com\/sk\/#organization\"},\"potentialAction\":[{\"@type\":\"SearchAction\",\"target\":{\"@type\":\"EntryPoint\",\"urlTemplate\":\"https:\/\/2keepers.com\/sk\/?s={search_term_string}\"},\"query-input\":{\"@type\":\"PropertyValueSpecification\",\"valueRequired\":true,\"valueName\":\"search_term_string\"}}],\"inLanguage\":\"sk-SK\"},{\"@type\":\"Organization\",\"@id\":\"https:\/\/2keepers.com\/sk\/#organization\",\"name\":\"KK Gloves\",\"url\":\"https:\/\/2keepers.com\/sk\/\",\"logo\":{\"@type\":\"ImageObject\",\"inLanguage\":\"sk-SK\",\"@id\":\"https:\/\/2keepers.com\/sk\/#\/schema\/logo\/image\/\",\"url\":\"https:\/\/2keepers.com\/wp-content\/uploads\/2024\/06\/logo.png\",\"contentUrl\":\"https:\/\/2keepers.com\/wp-content\/uploads\/2024\/06\/logo.png\",\"width\":863,\"height\":1013,\"caption\":\"KK Gloves\"},\"image\":{\"@id\":\"https:\/\/2keepers.com\/sk\/#\/schema\/logo\/image\/\"},\"sameAs\":[\"https:\/\/www.facebook.com\/people\/KK-GLOVESsk-Brankrske-rukavice\/100083376575174\/\",\"https:\/\/www.instagram.com\/kk_gloves.sk?igsh=cTh2NTVlejVjcWo3\"]}]}<\/script>\n<!-- \/ Yoast SEO plugin. -->","yoast_head_json":{"title":"S\u00daHLAS SO SPRACOVAN\u00cdM OSOBN\u00ddCH \u00daDAJOVBN\u00ddCH \u00daDAJOV - KK Gloves","robots":{"index":"index","follow":"follow","max-snippet":"max-snippet:-1","max-image-preview":"max-image-preview:large","max-video-preview":"max-video-preview:-1"},"canonical":"https:\/\/2keepers.com\/sk\/ochrana-sukromia\/","og_locale":"sk_SK","og_type":"article","og_title":"S\u00daHLAS SO SPRACOVAN\u00cdM OSOBN\u00ddCH \u00daDAJOVBN\u00ddCH \u00daDAJOV - KK Gloves","og_description":"V&nbsp;s\u00favislosti so spracovan\u00edm Va\u0161ich osobn\u00fdch \u00fadajov (\u010falej len \u201eO\u00da\u201c) zo strany CAPITAL PLUS s.r.o., Karol Komara, Dobrianskeho 1651, Vranov nad Top\u013eou, 55674666: ako prev\u00e1dzkovate\u013ea, V\u00e1m ako osobe, ktor\u00e1 poskytuje svoje osobn\u00e9 \u00fadaje a&nbsp;ktorej osobn\u00e9 \u00fadaje sprac\u00favame (\u010falej len \u201edotknut\u00e1 osoba\u201c) t\u00fdmto poskytujeme inform\u00e1cie pod\u013ea \u010dl\u00e1nkov 13 Nariadenia Eur\u00f3pskeho parlamentu a&nbsp;Rady (E\u00da) 2016\/679 z&nbsp;27. apr\u00edla 2016&hellip; Pokra\u010dova\u0165 v \u010d\u00edtan\u00ed S\u00daHLAS SO SPRACOVAN\u00cdM OSOBN\u00ddCH \u00daDAJOVBN\u00ddCH \u00daDAJOV","og_url":"https:\/\/2keepers.com\/sk\/ochrana-sukromia\/","og_site_name":"KK Gloves","article_publisher":"https:\/\/www.facebook.com\/people\/KK-GLOVESsk-Brankrske-rukavice\/100083376575174\/","article_modified_time":"2024-04-23T22:50:33+00:00","twitter_card":"summary_large_image","twitter_misc":{"Predpokladan\u00fd \u010das \u010d\u00edtania":"3 min\u00faty"},"schema":{"@context":"https:\/\/schema.org","@graph":[{"@type":"WebPage","@id":"https:\/\/2keepers.com\/sk\/ochrana-sukromia\/","url":"https:\/\/2keepers.com\/sk\/ochrana-sukromia\/","name":"S\u00daHLAS SO SPRACOVAN\u00cdM OSOBN\u00ddCH \u00daDAJOVBN\u00ddCH \u00daDAJOV - KK Gloves","isPartOf":{"@id":"https:\/\/2keepers.com\/sk\/#website"},"datePublished":"2023-04-05T19:32:59+00:00","dateModified":"2024-04-23T22:50:33+00:00","breadcrumb":{"@id":"https:\/\/2keepers.com\/sk\/ochrana-sukromia\/#breadcrumb"},"inLanguage":"sk-SK","potentialAction":[{"@type":"ReadAction","target":["https:\/\/2keepers.com\/sk\/ochrana-sukromia\/"]}]},{"@type":"BreadcrumbList","@id":"https:\/\/2keepers.com\/sk\/ochrana-sukromia\/#breadcrumb","itemListElement":[{"@type":"ListItem","position":1,"name":"Domovsk\u00e1 str\u00e1nka","item":"https:\/\/2keepers.com\/sk\/"},{"@type":"ListItem","position":2,"name":"S\u00daHLAS SO SPRACOVAN\u00cdM OSOBN\u00ddCH \u00daDAJOVBN\u00ddCH \u00daDAJOV"}]},{"@type":"WebSite","@id":"https:\/\/2keepers.com\/sk\/#website","url":"https:\/\/2keepers.com\/sk\/","name":"KK Gloves","description":"","publisher":{"@id":"https:\/\/2keepers.com\/sk\/#organization"},"potentialAction":[{"@type":"SearchAction","target":{"@type":"EntryPoint","urlTemplate":"https:\/\/2keepers.com\/sk\/?s={search_term_string}"},"query-input":{"@type":"PropertyValueSpecification","valueRequired":true,"valueName":"search_term_string"}}],"inLanguage":"sk-SK"},{"@type":"Organization","@id":"https:\/\/2keepers.com\/sk\/#organization","name":"KK Gloves","url":"https:\/\/2keepers.com\/sk\/","logo":{"@type":"ImageObject","inLanguage":"sk-SK","@id":"https:\/\/2keepers.com\/sk\/#\/schema\/logo\/image\/","url":"https:\/\/2keepers.com\/wp-content\/uploads\/2024\/06\/logo.png","contentUrl":"https:\/\/2keepers.com\/wp-content\/uploads\/2024\/06\/logo.png","width":863,"height":1013,"caption":"KK Gloves"},"image":{"@id":"https:\/\/2keepers.com\/sk\/#\/schema\/logo\/image\/"},"sameAs":["https:\/\/www.facebook.com\/people\/KK-GLOVESsk-Brankrske-rukavice\/100083376575174\/","https:\/\/www.instagram.com\/kk_gloves.sk?igsh=cTh2NTVlejVjcWo3"]}]}},"_links":{"self":[{"href":"https:\/\/2keepers.com\/sk\/wp-json\/wp\/v2\/pages\/3","targetHints":{"allow":["GET"]}}],"collection":[{"href":"https:\/\/2keepers.com\/sk\/wp-json\/wp\/v2\/pages"}],"about":[{"href":"https:\/\/2keepers.com\/sk\/wp-json\/wp\/v2\/types\/page"}],"author":[{"embeddable":true,"href":"https:\/\/2keepers.com\/sk\/wp-json\/wp\/v2\/users\/1"}],"replies":[{"embeddable":true,"href":"https:\/\/2keepers.com\/sk\/wp-json\/wp\/v2\/comments?post=3"}],"version-history":[{"count":1,"href":"https:\/\/2keepers.com\/sk\/wp-json\/wp\/v2\/pages\/3\/revisions"}],"predecessor-version":[{"id":287,"href":"https:\/\/2keepers.com\/sk\/wp-json\/wp\/v2\/pages\/3\/revisions\/287"}],"wp:attachment":[{"href":"https:\/\/2keepers.com\/sk\/wp-json\/wp\/v2\/media?parent=3"}],"curies":[{"name":"wp","href":"https:\/\/api.w.org\/{rel}","templated":true}]}}