{"id":119,"date":"2024-01-08T00:52:25","date_gmt":"2024-01-07T23:52:25","guid":{"rendered":"https:\/\/holecicky.sk\/kk\/?post_type=product&#038;p=119"},"modified":"2024-04-15T14:09:03","modified_gmt":"2024-04-15T12:09:03","slug":"kk-grip-socks","status":"publish","type":"product","link":"https:\/\/2keepers.com\/sk\/obchod\/ponozky\/kk-grip-socks\/","title":{"rendered":"KK Grip Socks"},"content":{"rendered":"<p>Na detailoch n\u00e1m z\u00e1le\u017e\u00ed a preto sme vyvinuli tento skvel\u00fd doplnkov\u00fd produkt <strong>#KKGripSocks<\/strong>!<\/p>\n<p>S\u00fa to brank\u00e1rske <strong>GRIP<\/strong> pono\u017eky. Grip tvoria na spodnej \u010dasti chodidla mini silik\u00f3nov\u00e9 log\u00e1 <strong>#KK<\/strong>, \u010do zaru\u010duje skvel\u00fa stabilitu pri ka\u017edej zmene smeru v br\u00e1ne. Odteraz \u017eiadne p\u013euzgiere, \u017eiadne otlaky preto\u017ee v t\u00fdchto pono\u017ek\u00e1ch sa noha v kopa\u010dk\u00e1ch c\u00edti tak, ako nikdy predt\u00fdm!<\/p>\n<p>Navy\u0161e s\u00fa vyroben\u00e9 zo \u0161peci\u00e1lneho materi\u00e1lu, ktor\u00fd extr\u00e9mne r\u00fdchlo schne po ka\u017edom vyprat\u00ed.<\/p>\n<p>&nbsp;<\/p>\n<p>#KK #KKsocks #KKGripSocks #DefendYourGame<\/p>\n","protected":false},"excerpt":{"rendered":"<p>Proti\u0161mykov\u00e9 Grip Pono\u017eky #KKGripSocks<\/p>\n","protected":false},"featured_media":120,"template":"","meta":{"_acf_changed":false},"product_brand":[],"product_cat":[47],"product_tag":[43,46,45,42,44],"class_list":{"0":"post-119","1":"product","2":"type-product","3":"status-publish","4":"has-post-thumbnail","6":"product_cat-ponozky","7":"product_tag-grip-ponozky","8":"product_tag-kk-ponozky","9":"product_tag-kksocks","10":"product_tag-ponozky","11":"product_tag-protismykove-ponozky","12":"entry","14":"first","15":"instock","16":"taxable","17":"shipping-taxable","18":"purchasable","19":"product-type-variable"},"acf":[],"yoast_head":"<!-- This site is optimized with the Yoast SEO plugin v26.6 - https:\/\/yoast.com\/wordpress\/plugins\/seo\/ -->\n<title>KK Grip Socks - KK Gloves<\/title>\n<meta name=\"robots\" content=\"index, follow, max-snippet:-1, max-image-preview:large, max-video-preview:-1\" \/>\n<link rel=\"canonical\" href=\"https:\/\/2keepers.com\/sk\/obchod\/ponozky\/kk-grip-socks\/\" \/>\n<meta property=\"og:locale\" content=\"sk_SK\" \/>\n<meta property=\"og:type\" content=\"article\" \/>\n<meta property=\"og:title\" content=\"KK Grip Socks - KK Gloves\" \/>\n<meta property=\"og:description\" content=\"Proti\u0161mykov\u00e9 Grip Pono\u017eky #KKGripSocks\" \/>\n<meta property=\"og:url\" content=\"https:\/\/2keepers.com\/sk\/obchod\/ponozky\/kk-grip-socks\/\" \/>\n<meta property=\"og:site_name\" content=\"KK Gloves\" \/>\n<meta property=\"article:publisher\" content=\"https:\/\/www.facebook.com\/people\/KK-GLOVESsk-Brankrske-rukavice\/100083376575174\/\" \/>\n<meta property=\"article:modified_time\" content=\"2024-04-15T12:09:03+00:00\" \/>\n<meta property=\"og:image\" content=\"https:\/\/2keepers.com\/wp-content\/uploads\/2024\/01\/web.png\" \/>\n\t<meta property=\"og:image:width\" content=\"1080\" \/>\n\t<meta property=\"og:image:height\" content=\"1080\" \/>\n\t<meta property=\"og:image:type\" content=\"image\/png\" \/>\n<meta name=\"twitter:card\" content=\"summary_large_image\" \/>\n<meta name=\"twitter:label1\" content=\"Predpokladan\u00fd \u010das \u010d\u00edtania\" \/>\n\t<meta name=\"twitter:data1\" content=\"1 min\u00fata\" \/>\n<script type=\"application\/ld+json\" class=\"yoast-schema-graph\">{\"@context\":\"https:\/\/schema.org\",\"@graph\":[{\"@type\":\"WebPage\",\"@id\":\"https:\/\/2keepers.com\/sk\/obchod\/ponozky\/kk-grip-socks\/\",\"url\":\"https:\/\/2keepers.com\/sk\/obchod\/ponozky\/kk-grip-socks\/\",\"name\":\"KK Grip Socks - KK Gloves\",\"isPartOf\":{\"@id\":\"https:\/\/2keepers.com\/sk\/#website\"},\"primaryImageOfPage\":{\"@id\":\"https:\/\/2keepers.com\/sk\/obchod\/ponozky\/kk-grip-socks\/#primaryimage\"},\"image\":{\"@id\":\"https:\/\/2keepers.com\/sk\/obchod\/ponozky\/kk-grip-socks\/#primaryimage\"},\"thumbnailUrl\":\"https:\/\/2keepers.com\/wp-content\/uploads\/2024\/01\/web.png\",\"datePublished\":\"2024-01-07T23:52:25+00:00\",\"dateModified\":\"2024-04-15T12:09:03+00:00\",\"breadcrumb\":{\"@id\":\"https:\/\/2keepers.com\/sk\/obchod\/ponozky\/kk-grip-socks\/#breadcrumb\"},\"inLanguage\":\"sk-SK\",\"potentialAction\":[{\"@type\":\"ReadAction\",\"target\":[\"https:\/\/2keepers.com\/sk\/obchod\/ponozky\/kk-grip-socks\/\"]}]},{\"@type\":\"ImageObject\",\"inLanguage\":\"sk-SK\",\"@id\":\"https:\/\/2keepers.com\/sk\/obchod\/ponozky\/kk-grip-socks\/#primaryimage\",\"url\":\"https:\/\/2keepers.com\/wp-content\/uploads\/2024\/01\/web.png\",\"contentUrl\":\"https:\/\/2keepers.com\/wp-content\/uploads\/2024\/01\/web.png\",\"width\":1080,\"height\":1080},{\"@type\":\"BreadcrumbList\",\"@id\":\"https:\/\/2keepers.com\/sk\/obchod\/ponozky\/kk-grip-socks\/#breadcrumb\",\"itemListElement\":[{\"@type\":\"ListItem\",\"position\":1,\"name\":\"Domovsk\u00e1 str\u00e1nka\",\"item\":\"https:\/\/2keepers.com\/sk\/\"},{\"@type\":\"ListItem\",\"position\":2,\"name\":\"Obchod\",\"item\":\"https:\/\/2keepers.com\/obchod\/\"},{\"@type\":\"ListItem\",\"position\":3,\"name\":\"KK Grip Socks\"}]},{\"@type\":\"WebSite\",\"@id\":\"https:\/\/2keepers.com\/sk\/#website\",\"url\":\"https:\/\/2keepers.com\/sk\/\",\"name\":\"KK Gloves\",\"description\":\"\",\"publisher\":{\"@id\":\"https:\/\/2keepers.com\/sk\/#organization\"},\"potentialAction\":[{\"@type\":\"SearchAction\",\"target\":{\"@type\":\"EntryPoint\",\"urlTemplate\":\"https:\/\/2keepers.com\/sk\/?s={search_term_string}\"},\"query-input\":{\"@type\":\"PropertyValueSpecification\",\"valueRequired\":true,\"valueName\":\"search_term_string\"}}],\"inLanguage\":\"sk-SK\"},{\"@type\":\"Organization\",\"@id\":\"https:\/\/2keepers.com\/sk\/#organization\",\"name\":\"KK Gloves\",\"url\":\"https:\/\/2keepers.com\/sk\/\",\"logo\":{\"@type\":\"ImageObject\",\"inLanguage\":\"sk-SK\",\"@id\":\"https:\/\/2keepers.com\/sk\/#\/schema\/logo\/image\/\",\"url\":\"https:\/\/2keepers.com\/wp-content\/uploads\/2024\/06\/logo.png\",\"contentUrl\":\"https:\/\/2keepers.com\/wp-content\/uploads\/2024\/06\/logo.png\",\"width\":863,\"height\":1013,\"caption\":\"KK Gloves\"},\"image\":{\"@id\":\"https:\/\/2keepers.com\/sk\/#\/schema\/logo\/image\/\"},\"sameAs\":[\"https:\/\/www.facebook.com\/people\/KK-GLOVESsk-Brankrske-rukavice\/100083376575174\/\",\"https:\/\/www.instagram.com\/kk_gloves.sk?igsh=cTh2NTVlejVjcWo3\"]}]}<\/script>\n<!-- \/ Yoast SEO plugin. -->","yoast_head_json":{"title":"KK Grip Socks - KK Gloves","robots":{"index":"index","follow":"follow","max-snippet":"max-snippet:-1","max-image-preview":"max-image-preview:large","max-video-preview":"max-video-preview:-1"},"canonical":"https:\/\/2keepers.com\/sk\/obchod\/ponozky\/kk-grip-socks\/","og_locale":"sk_SK","og_type":"article","og_title":"KK Grip Socks - KK Gloves","og_description":"Proti\u0161mykov\u00e9 Grip Pono\u017eky #KKGripSocks","og_url":"https:\/\/2keepers.com\/sk\/obchod\/ponozky\/kk-grip-socks\/","og_site_name":"KK Gloves","article_publisher":"https:\/\/www.facebook.com\/people\/KK-GLOVESsk-Brankrske-rukavice\/100083376575174\/","article_modified_time":"2024-04-15T12:09:03+00:00","og_image":[{"width":1080,"height":1080,"url":"https:\/\/2keepers.com\/wp-content\/uploads\/2024\/01\/web.png","type":"image\/png"}],"twitter_card":"summary_large_image","twitter_misc":{"Predpokladan\u00fd \u010das \u010d\u00edtania":"1 min\u00fata"},"schema":{"@context":"https:\/\/schema.org","@graph":[{"@type":"WebPage","@id":"https:\/\/2keepers.com\/sk\/obchod\/ponozky\/kk-grip-socks\/","url":"https:\/\/2keepers.com\/sk\/obchod\/ponozky\/kk-grip-socks\/","name":"KK Grip Socks - KK Gloves","isPartOf":{"@id":"https:\/\/2keepers.com\/sk\/#website"},"primaryImageOfPage":{"@id":"https:\/\/2keepers.com\/sk\/obchod\/ponozky\/kk-grip-socks\/#primaryimage"},"image":{"@id":"https:\/\/2keepers.com\/sk\/obchod\/ponozky\/kk-grip-socks\/#primaryimage"},"thumbnailUrl":"https:\/\/2keepers.com\/wp-content\/uploads\/2024\/01\/web.png","datePublished":"2024-01-07T23:52:25+00:00","dateModified":"2024-04-15T12:09:03+00:00","breadcrumb":{"@id":"https:\/\/2keepers.com\/sk\/obchod\/ponozky\/kk-grip-socks\/#breadcrumb"},"inLanguage":"sk-SK","potentialAction":[{"@type":"ReadAction","target":["https:\/\/2keepers.com\/sk\/obchod\/ponozky\/kk-grip-socks\/"]}]},{"@type":"ImageObject","inLanguage":"sk-SK","@id":"https:\/\/2keepers.com\/sk\/obchod\/ponozky\/kk-grip-socks\/#primaryimage","url":"https:\/\/2keepers.com\/wp-content\/uploads\/2024\/01\/web.png","contentUrl":"https:\/\/2keepers.com\/wp-content\/uploads\/2024\/01\/web.png","width":1080,"height":1080},{"@type":"BreadcrumbList","@id":"https:\/\/2keepers.com\/sk\/obchod\/ponozky\/kk-grip-socks\/#breadcrumb","itemListElement":[{"@type":"ListItem","position":1,"name":"Domovsk\u00e1 str\u00e1nka","item":"https:\/\/2keepers.com\/sk\/"},{"@type":"ListItem","position":2,"name":"Obchod","item":"https:\/\/2keepers.com\/obchod\/"},{"@type":"ListItem","position":3,"name":"KK Grip Socks"}]},{"@type":"WebSite","@id":"https:\/\/2keepers.com\/sk\/#website","url":"https:\/\/2keepers.com\/sk\/","name":"KK Gloves","description":"","publisher":{"@id":"https:\/\/2keepers.com\/sk\/#organization"},"potentialAction":[{"@type":"SearchAction","target":{"@type":"EntryPoint","urlTemplate":"https:\/\/2keepers.com\/sk\/?s={search_term_string}"},"query-input":{"@type":"PropertyValueSpecification","valueRequired":true,"valueName":"search_term_string"}}],"inLanguage":"sk-SK"},{"@type":"Organization","@id":"https:\/\/2keepers.com\/sk\/#organization","name":"KK Gloves","url":"https:\/\/2keepers.com\/sk\/","logo":{"@type":"ImageObject","inLanguage":"sk-SK","@id":"https:\/\/2keepers.com\/sk\/#\/schema\/logo\/image\/","url":"https:\/\/2keepers.com\/wp-content\/uploads\/2024\/06\/logo.png","contentUrl":"https:\/\/2keepers.com\/wp-content\/uploads\/2024\/06\/logo.png","width":863,"height":1013,"caption":"KK Gloves"},"image":{"@id":"https:\/\/2keepers.com\/sk\/#\/schema\/logo\/image\/"},"sameAs":["https:\/\/www.facebook.com\/people\/KK-GLOVESsk-Brankrske-rukavice\/100083376575174\/","https:\/\/www.instagram.com\/kk_gloves.sk?igsh=cTh2NTVlejVjcWo3"]}]}},"_links":{"self":[{"href":"https:\/\/2keepers.com\/sk\/wp-json\/wp\/v2\/product\/119","targetHints":{"allow":["GET"]}}],"collection":[{"href":"https:\/\/2keepers.com\/sk\/wp-json\/wp\/v2\/product"}],"about":[{"href":"https:\/\/2keepers.com\/sk\/wp-json\/wp\/v2\/types\/product"}],"wp:featuredmedia":[{"embeddable":true,"href":"https:\/\/2keepers.com\/sk\/wp-json\/wp\/v2\/media\/120"}],"wp:attachment":[{"href":"https:\/\/2keepers.com\/sk\/wp-json\/wp\/v2\/media?parent=119"}],"wp:term":[{"taxonomy":"product_brand","embeddable":true,"href":"https:\/\/2keepers.com\/sk\/wp-json\/wp\/v2\/product_brand?post=119"},{"taxonomy":"product_cat","embeddable":true,"href":"https:\/\/2keepers.com\/sk\/wp-json\/wp\/v2\/product_cat?post=119"},{"taxonomy":"product_tag","embeddable":true,"href":"https:\/\/2keepers.com\/sk\/wp-json\/wp\/v2\/product_tag?post=119"}],"curies":[{"name":"wp","href":"https:\/\/api.w.org\/{rel}","templated":true}]}}