{"id":171,"date":"2024-03-15T14:05:37","date_gmt":"2024-03-15T13:05:37","guid":{"rendered":"https:\/\/2keepers.com\/?post_type=product&#038;p=171"},"modified":"2025-09-01T11:24:55","modified_gmt":"2025-09-01T09:24:55","slug":"kk-gloves-inferno-2-0","status":"publish","type":"product","link":"https:\/\/2keepers.com\/sk\/obchod\/rukavice\/kk-gloves-inferno-2-0\/","title":{"rendered":"Brank\u00e1rske rukavice KK INFERNO 2.0"},"content":{"rendered":"<p>V\u00e1\u0161 najob\u013e\u00fabenej\u0161\u00ed model <strong>INFERNO<\/strong> je sp\u00e4\u0165! Tentokr\u00e1t v novom preveden\u00ed v modifikovanom <strong>K-Knitt<\/strong> materi\u00e1li, ktor\u00fd dokonale sed\u00ed na ruke a preto nebudete potrebova\u0165 ani up\u00ednac\u00ed p\u00e1sik!<\/p>\n<p><strong>4mm ULTIMATE CONTACT Latex <\/strong>v\u00e1m zabezpe\u010d\u00ed dokonal\u00fa pri\u013enavos\u0165 a istotu v ka\u017ed\u00fdch podmienkach. Tento GRIP pou\u017e\u00edvaj\u00fa t\u00ed najlep\u0161\u00ed brank\u00e1ri na svete! Vysk\u00fa\u0161aj ho aj ty!<\/p>\n<p><strong>INSIDE GRIP <\/strong>na t\u00fdchto rukavi\u010dk\u00e1ch nesmie ch\u00fdba\u0165! Pre t\u00fdch, ktor\u00ed neviete, INSIDE GRIP sme vyvinuli preto, aby sme na\u0161im brank\u00e1rom zabezpe\u010dili dokonal\u00fa kontrolu lopty. <em>Silik\u00f3nov\u00e9 pr\u00fa\u017eky <\/em>na prstoch a dlaniach z vn\u00fatornej strany rukav\u00edc m\u00e1 na starosti to, aby sa rukavice pri n\u00e1raze lopty nepo\u0161mykli a nedo\u0161lo tak k vypadnutiu lopty.<\/p>\n","protected":false},"excerpt":{"rendered":"<p><strong>Z\u00e1kladn\u00e9 inform\u00e1cie:<\/strong><\/p>\n<p>Pena: 4mm ULTIMATE CONTACT LATEX<\/p>\n<p>Strih: Negative<\/p>\n<p>Materi\u00e1l: K-Knit 2.0<\/p>\n<p>Farba: Oran\u017eov\u00e1, \u010dierna<\/p>\n<p>Zap\u00ednanie: Bez up\u00ednania<\/p>\n","protected":false},"featured_media":173,"template":"","meta":{"_acf_changed":false},"product_brand":[],"product_cat":[16],"product_tag":[],"class_list":{"0":"post-171","1":"product","2":"type-product","3":"status-publish","4":"has-post-thumbnail","6":"product_cat-rukavice","7":"entry","9":"first","10":"instock","11":"taxable","12":"shipping-taxable","13":"purchasable","14":"product-type-variable"},"acf":[],"yoast_head":"<!-- This site is optimized with the Yoast SEO plugin v26.6 - https:\/\/yoast.com\/wordpress\/plugins\/seo\/ -->\n<title>Brank\u00e1rske rukavice KK INFERNO 2.0 - KK Gloves<\/title>\n<meta name=\"description\" content=\"Limitovan\u00e1 ed\u00edcia va\u0161ich najob\u013e\u00fabenej\u0161\u00edch profesion\u00e1lnych brank\u00e1rskych rukav\u00edc INFERNO 2.0! Vysk\u00fa\u0161aj slovensk\u00fa kvalitu KK Gloves!\" \/>\n<meta name=\"robots\" content=\"index, follow, max-snippet:-1, max-image-preview:large, max-video-preview:-1\" \/>\n<link rel=\"canonical\" href=\"https:\/\/2keepers.com\/sk\/obchod\/rukavice\/kk-gloves-inferno-2-0\/\" \/>\n<meta property=\"og:locale\" content=\"sk_SK\" \/>\n<meta property=\"og:type\" content=\"article\" \/>\n<meta property=\"og:title\" content=\"Brank\u00e1rske rukavice KK INFERNO 2.0 - KK Gloves\" \/>\n<meta property=\"og:description\" content=\"Limitovan\u00e1 ed\u00edcia va\u0161ich najob\u013e\u00fabenej\u0161\u00edch profesion\u00e1lnych brank\u00e1rskych rukav\u00edc INFERNO 2.0! Vysk\u00fa\u0161aj slovensk\u00fa kvalitu KK Gloves!\" \/>\n<meta property=\"og:url\" content=\"https:\/\/2keepers.com\/sk\/obchod\/rukavice\/kk-gloves-inferno-2-0\/\" \/>\n<meta property=\"og:site_name\" content=\"KK Gloves\" \/>\n<meta property=\"article:publisher\" content=\"https:\/\/www.facebook.com\/people\/KK-GLOVESsk-Brankrske-rukavice\/100083376575174\/\" \/>\n<meta property=\"article:modified_time\" content=\"2025-09-01T09:24:55+00:00\" \/>\n<meta property=\"og:image\" content=\"https:\/\/2keepers.com\/wp-content\/uploads\/2024\/03\/shadow.png\" \/>\n\t<meta property=\"og:image:width\" content=\"1080\" \/>\n\t<meta property=\"og:image:height\" content=\"1080\" \/>\n\t<meta property=\"og:image:type\" content=\"image\/png\" \/>\n<meta name=\"twitter:card\" content=\"summary_large_image\" \/>\n<meta name=\"twitter:label1\" content=\"Predpokladan\u00fd \u010das \u010d\u00edtania\" \/>\n\t<meta name=\"twitter:data1\" content=\"1 min\u00fata\" \/>\n<script type=\"application\/ld+json\" class=\"yoast-schema-graph\">{\"@context\":\"https:\/\/schema.org\",\"@graph\":[{\"@type\":\"WebPage\",\"@id\":\"https:\/\/2keepers.com\/sk\/obchod\/rukavice\/kk-gloves-inferno-2-0\/\",\"url\":\"https:\/\/2keepers.com\/sk\/obchod\/rukavice\/kk-gloves-inferno-2-0\/\",\"name\":\"Brank\u00e1rske rukavice KK INFERNO 2.0 - KK Gloves\",\"isPartOf\":{\"@id\":\"https:\/\/2keepers.com\/sk\/#website\"},\"primaryImageOfPage\":{\"@id\":\"https:\/\/2keepers.com\/sk\/obchod\/rukavice\/kk-gloves-inferno-2-0\/#primaryimage\"},\"image\":{\"@id\":\"https:\/\/2keepers.com\/sk\/obchod\/rukavice\/kk-gloves-inferno-2-0\/#primaryimage\"},\"thumbnailUrl\":\"https:\/\/2keepers.com\/wp-content\/uploads\/2024\/03\/shadow.png\",\"datePublished\":\"2024-03-15T13:05:37+00:00\",\"dateModified\":\"2025-09-01T09:24:55+00:00\",\"description\":\"Limitovan\u00e1 ed\u00edcia va\u0161ich najob\u013e\u00fabenej\u0161\u00edch profesion\u00e1lnych brank\u00e1rskych rukav\u00edc INFERNO 2.0! Vysk\u00fa\u0161aj slovensk\u00fa kvalitu KK Gloves!\",\"breadcrumb\":{\"@id\":\"https:\/\/2keepers.com\/sk\/obchod\/rukavice\/kk-gloves-inferno-2-0\/#breadcrumb\"},\"inLanguage\":\"sk-SK\",\"potentialAction\":[{\"@type\":\"ReadAction\",\"target\":[\"https:\/\/2keepers.com\/sk\/obchod\/rukavice\/kk-gloves-inferno-2-0\/\"]}]},{\"@type\":\"ImageObject\",\"inLanguage\":\"sk-SK\",\"@id\":\"https:\/\/2keepers.com\/sk\/obchod\/rukavice\/kk-gloves-inferno-2-0\/#primaryimage\",\"url\":\"https:\/\/2keepers.com\/wp-content\/uploads\/2024\/03\/shadow.png\",\"contentUrl\":\"https:\/\/2keepers.com\/wp-content\/uploads\/2024\/03\/shadow.png\",\"width\":1080,\"height\":1080},{\"@type\":\"BreadcrumbList\",\"@id\":\"https:\/\/2keepers.com\/sk\/obchod\/rukavice\/kk-gloves-inferno-2-0\/#breadcrumb\",\"itemListElement\":[{\"@type\":\"ListItem\",\"position\":1,\"name\":\"Domovsk\u00e1 str\u00e1nka\",\"item\":\"https:\/\/2keepers.com\/sk\/\"},{\"@type\":\"ListItem\",\"position\":2,\"name\":\"Obchod\",\"item\":\"https:\/\/2keepers.com\/obchod\/\"},{\"@type\":\"ListItem\",\"position\":3,\"name\":\"Brank\u00e1rske rukavice KK INFERNO 2.0\"}]},{\"@type\":\"WebSite\",\"@id\":\"https:\/\/2keepers.com\/sk\/#website\",\"url\":\"https:\/\/2keepers.com\/sk\/\",\"name\":\"KK Gloves\",\"description\":\"\",\"publisher\":{\"@id\":\"https:\/\/2keepers.com\/sk\/#organization\"},\"potentialAction\":[{\"@type\":\"SearchAction\",\"target\":{\"@type\":\"EntryPoint\",\"urlTemplate\":\"https:\/\/2keepers.com\/sk\/?s={search_term_string}\"},\"query-input\":{\"@type\":\"PropertyValueSpecification\",\"valueRequired\":true,\"valueName\":\"search_term_string\"}}],\"inLanguage\":\"sk-SK\"},{\"@type\":\"Organization\",\"@id\":\"https:\/\/2keepers.com\/sk\/#organization\",\"name\":\"KK Gloves\",\"url\":\"https:\/\/2keepers.com\/sk\/\",\"logo\":{\"@type\":\"ImageObject\",\"inLanguage\":\"sk-SK\",\"@id\":\"https:\/\/2keepers.com\/sk\/#\/schema\/logo\/image\/\",\"url\":\"https:\/\/2keepers.com\/wp-content\/uploads\/2024\/06\/logo.png\",\"contentUrl\":\"https:\/\/2keepers.com\/wp-content\/uploads\/2024\/06\/logo.png\",\"width\":863,\"height\":1013,\"caption\":\"KK Gloves\"},\"image\":{\"@id\":\"https:\/\/2keepers.com\/sk\/#\/schema\/logo\/image\/\"},\"sameAs\":[\"https:\/\/www.facebook.com\/people\/KK-GLOVESsk-Brankrske-rukavice\/100083376575174\/\",\"https:\/\/www.instagram.com\/kk_gloves.sk?igsh=cTh2NTVlejVjcWo3\"]}]}<\/script>\n<!-- \/ Yoast SEO plugin. -->","yoast_head_json":{"title":"Brank\u00e1rske rukavice KK INFERNO 2.0 - KK Gloves","description":"Limitovan\u00e1 ed\u00edcia va\u0161ich najob\u013e\u00fabenej\u0161\u00edch profesion\u00e1lnych brank\u00e1rskych rukav\u00edc INFERNO 2.0! Vysk\u00fa\u0161aj slovensk\u00fa kvalitu KK Gloves!","robots":{"index":"index","follow":"follow","max-snippet":"max-snippet:-1","max-image-preview":"max-image-preview:large","max-video-preview":"max-video-preview:-1"},"canonical":"https:\/\/2keepers.com\/sk\/obchod\/rukavice\/kk-gloves-inferno-2-0\/","og_locale":"sk_SK","og_type":"article","og_title":"Brank\u00e1rske rukavice KK INFERNO 2.0 - KK Gloves","og_description":"Limitovan\u00e1 ed\u00edcia va\u0161ich najob\u013e\u00fabenej\u0161\u00edch profesion\u00e1lnych brank\u00e1rskych rukav\u00edc INFERNO 2.0! Vysk\u00fa\u0161aj slovensk\u00fa kvalitu KK Gloves!","og_url":"https:\/\/2keepers.com\/sk\/obchod\/rukavice\/kk-gloves-inferno-2-0\/","og_site_name":"KK Gloves","article_publisher":"https:\/\/www.facebook.com\/people\/KK-GLOVESsk-Brankrske-rukavice\/100083376575174\/","article_modified_time":"2025-09-01T09:24:55+00:00","og_image":[{"width":1080,"height":1080,"url":"https:\/\/2keepers.com\/wp-content\/uploads\/2024\/03\/shadow.png","type":"image\/png"}],"twitter_card":"summary_large_image","twitter_misc":{"Predpokladan\u00fd \u010das \u010d\u00edtania":"1 min\u00fata"},"schema":{"@context":"https:\/\/schema.org","@graph":[{"@type":"WebPage","@id":"https:\/\/2keepers.com\/sk\/obchod\/rukavice\/kk-gloves-inferno-2-0\/","url":"https:\/\/2keepers.com\/sk\/obchod\/rukavice\/kk-gloves-inferno-2-0\/","name":"Brank\u00e1rske rukavice KK INFERNO 2.0 - KK Gloves","isPartOf":{"@id":"https:\/\/2keepers.com\/sk\/#website"},"primaryImageOfPage":{"@id":"https:\/\/2keepers.com\/sk\/obchod\/rukavice\/kk-gloves-inferno-2-0\/#primaryimage"},"image":{"@id":"https:\/\/2keepers.com\/sk\/obchod\/rukavice\/kk-gloves-inferno-2-0\/#primaryimage"},"thumbnailUrl":"https:\/\/2keepers.com\/wp-content\/uploads\/2024\/03\/shadow.png","datePublished":"2024-03-15T13:05:37+00:00","dateModified":"2025-09-01T09:24:55+00:00","description":"Limitovan\u00e1 ed\u00edcia va\u0161ich najob\u013e\u00fabenej\u0161\u00edch profesion\u00e1lnych brank\u00e1rskych rukav\u00edc INFERNO 2.0! Vysk\u00fa\u0161aj slovensk\u00fa kvalitu KK Gloves!","breadcrumb":{"@id":"https:\/\/2keepers.com\/sk\/obchod\/rukavice\/kk-gloves-inferno-2-0\/#breadcrumb"},"inLanguage":"sk-SK","potentialAction":[{"@type":"ReadAction","target":["https:\/\/2keepers.com\/sk\/obchod\/rukavice\/kk-gloves-inferno-2-0\/"]}]},{"@type":"ImageObject","inLanguage":"sk-SK","@id":"https:\/\/2keepers.com\/sk\/obchod\/rukavice\/kk-gloves-inferno-2-0\/#primaryimage","url":"https:\/\/2keepers.com\/wp-content\/uploads\/2024\/03\/shadow.png","contentUrl":"https:\/\/2keepers.com\/wp-content\/uploads\/2024\/03\/shadow.png","width":1080,"height":1080},{"@type":"BreadcrumbList","@id":"https:\/\/2keepers.com\/sk\/obchod\/rukavice\/kk-gloves-inferno-2-0\/#breadcrumb","itemListElement":[{"@type":"ListItem","position":1,"name":"Domovsk\u00e1 str\u00e1nka","item":"https:\/\/2keepers.com\/sk\/"},{"@type":"ListItem","position":2,"name":"Obchod","item":"https:\/\/2keepers.com\/obchod\/"},{"@type":"ListItem","position":3,"name":"Brank\u00e1rske rukavice KK INFERNO 2.0"}]},{"@type":"WebSite","@id":"https:\/\/2keepers.com\/sk\/#website","url":"https:\/\/2keepers.com\/sk\/","name":"KK Gloves","description":"","publisher":{"@id":"https:\/\/2keepers.com\/sk\/#organization"},"potentialAction":[{"@type":"SearchAction","target":{"@type":"EntryPoint","urlTemplate":"https:\/\/2keepers.com\/sk\/?s={search_term_string}"},"query-input":{"@type":"PropertyValueSpecification","valueRequired":true,"valueName":"search_term_string"}}],"inLanguage":"sk-SK"},{"@type":"Organization","@id":"https:\/\/2keepers.com\/sk\/#organization","name":"KK Gloves","url":"https:\/\/2keepers.com\/sk\/","logo":{"@type":"ImageObject","inLanguage":"sk-SK","@id":"https:\/\/2keepers.com\/sk\/#\/schema\/logo\/image\/","url":"https:\/\/2keepers.com\/wp-content\/uploads\/2024\/06\/logo.png","contentUrl":"https:\/\/2keepers.com\/wp-content\/uploads\/2024\/06\/logo.png","width":863,"height":1013,"caption":"KK Gloves"},"image":{"@id":"https:\/\/2keepers.com\/sk\/#\/schema\/logo\/image\/"},"sameAs":["https:\/\/www.facebook.com\/people\/KK-GLOVESsk-Brankrske-rukavice\/100083376575174\/","https:\/\/www.instagram.com\/kk_gloves.sk?igsh=cTh2NTVlejVjcWo3"]}]}},"_links":{"self":[{"href":"https:\/\/2keepers.com\/sk\/wp-json\/wp\/v2\/product\/171","targetHints":{"allow":["GET"]}}],"collection":[{"href":"https:\/\/2keepers.com\/sk\/wp-json\/wp\/v2\/product"}],"about":[{"href":"https:\/\/2keepers.com\/sk\/wp-json\/wp\/v2\/types\/product"}],"wp:featuredmedia":[{"embeddable":true,"href":"https:\/\/2keepers.com\/sk\/wp-json\/wp\/v2\/media\/173"}],"wp:attachment":[{"href":"https:\/\/2keepers.com\/sk\/wp-json\/wp\/v2\/media?parent=171"}],"wp:term":[{"taxonomy":"product_brand","embeddable":true,"href":"https:\/\/2keepers.com\/sk\/wp-json\/wp\/v2\/product_brand?post=171"},{"taxonomy":"product_cat","embeddable":true,"href":"https:\/\/2keepers.com\/sk\/wp-json\/wp\/v2\/product_cat?post=171"},{"taxonomy":"product_tag","embeddable":true,"href":"https:\/\/2keepers.com\/sk\/wp-json\/wp\/v2\/product_tag?post=171"}],"curies":[{"name":"wp","href":"https:\/\/api.w.org\/{rel}","templated":true}]}}