{"id":266,"date":"2024-04-15T13:22:11","date_gmt":"2024-04-15T11:22:11","guid":{"rendered":"https:\/\/2keepers.com\/?post_type=product&#038;p=266"},"modified":"2025-01-01T23:06:26","modified_gmt":"2025-01-01T22:06:26","slug":"kk-gloves-k-knit-redwhite","status":"publish","type":"product","link":"https:\/\/2keepers.com\/sk\/obchod\/rukavice\/kk-gloves-k-knit-redwhite\/","title":{"rendered":"Brank\u00e1rske rukaice KK K-Knit Red&#038;White"},"content":{"rendered":"<div class=\"woocommerce-tabs wc-tabs-wrapper\">\n<div id=\"tab-description\" class=\"woocommerce-Tabs-panel woocommerce-Tabs-panel--description panel entry-content wc-tab\" role=\"tabpanel\" aria-labelledby=\"tab-title-description\">\n<p>Brank\u00e1rske rukavice\u00a0<strong>#KKgloves<\/strong>\u00a0sa odli\u0161uj\u00fa od ostatn\u00fdch vysokou odolnos\u0165ou vo\u010di po\u0161kodeniu a\u00a0v\u010faka tomu najlep\u0161iemu\u00a0<strong>CONTACT<\/strong>\u00a0<strong>latexu \u2013 ULTIMATE CONTACT \u2013<\/strong>\u00a0ak\u00fd sme na trhu na\u0161li aj skvelou pri\u013enavos\u0165ou, ktor\u00e1 v\u00e1s bude sprev\u00e1dza\u0165 po cel\u00fa dobu pou\u017e\u00edvania!<\/p>\n<p>Pre ten najlep\u0161\u00ed cit na loptu na tomto modeli pou\u017e\u00edvame strih\u00a0<strong>NEGATIVE GKO<\/strong>, ktor\u00fd je na kon\u010dekoch prstov roz\u0161\u00edren\u00fd a pozd\u013a\u017e prstov z\u00fa\u017een\u00fd. Tento strih dokonale tvaruje dla\u0148 najm\u00e4 prsty a preto je \u010d\u00edm \u010falej t\u00fdm viac ob\u013e\u00faben\u00fd u brank\u00e1rov. T\u00ed, ktor\u00ed ho vysk\u00fa\u0161aj\u00fa sa na \u0148om stan\u00fa z\u00e1visl\u00ed!<\/p>\n<p>Telo rukav\u00edc je vyroben\u00e9 z pleten\u00e9ho materi\u00e1lu K-Knit. Tento materi\u00e1l je ve\u013emi prisp\u00f4sobiv\u00fd, vynikaj\u00faco sadne na ruku a prisp\u00f4sob\u00ed sa na ka\u017ed\u00fd typ dlane.\u00a0<strong>Rukavice sa ve\u013emi \u013eahko na\u0165ahuj\u00fa na ruky!<\/strong>\u00a0Pre v\u00e4\u010d\u0161iu istotu si m\u00f4\u017eete rukavice zapn\u00fa\u0165 odn\u00edmate\u013en\u00fdm p\u00e1sikom na such\u00fd zips.<\/p>\n<p>#KKgloves #DefendYourGame #KKfamily<\/p>\n<\/div>\n<\/div>\n<section class=\"related products\">\n<div class=\"products row\">\n<div class=\"col-lg-3 col-md-6 col-xs-12 mb-3\">\n<div class=\"product-card\"><\/div>\n<\/div>\n<\/div>\n<\/section>\n","protected":false},"excerpt":{"rendered":"<p>4mm White ULTIMATE CONTACT LATEX, Negative GKO CUT, K-Knit pleten\u00fd materi\u00e1l<\/p>\n<p>&nbsp;<\/p>\n","protected":false},"featured_media":267,"template":"","meta":{"_acf_changed":false},"product_brand":[],"product_cat":[16],"product_tag":[],"class_list":{"0":"post-266","1":"product","2":"type-product","3":"status-publish","4":"has-post-thumbnail","6":"product_cat-rukavice","7":"entry","9":"first","10":"instock","11":"taxable","12":"shipping-taxable","13":"purchasable","14":"product-type-variable"},"acf":[],"yoast_head":"<!-- This site is optimized with the Yoast SEO plugin v26.6 - https:\/\/yoast.com\/wordpress\/plugins\/seo\/ -->\n<title>Brank\u00e1rske rukaice KK K-Knit Red&amp;White - KK Gloves<\/title>\n<meta name=\"description\" content=\"Profesion\u00e1lne brank\u00e1rske rukavice vyvinut\u00e9 na SLOVENSKU! 4mm ULTIMATE CONTACT latex zaru\u010d\u00ed ten najlep\u0161\u00ed grip na trhu! Vysk\u00fa\u0161aj #KKgloves ihne\u010f.\" \/>\n<meta name=\"robots\" content=\"index, follow, max-snippet:-1, max-image-preview:large, max-video-preview:-1\" \/>\n<link rel=\"canonical\" href=\"https:\/\/2keepers.com\/sk\/obchod\/rukavice\/kk-gloves-k-knit-redwhite\/\" \/>\n<meta property=\"og:locale\" content=\"sk_SK\" \/>\n<meta property=\"og:type\" content=\"article\" \/>\n<meta property=\"og:title\" content=\"Brank\u00e1rske rukaice KK K-Knit Red&amp;White - KK Gloves\" \/>\n<meta property=\"og:description\" content=\"Profesion\u00e1lne brank\u00e1rske rukavice vyvinut\u00e9 na SLOVENSKU! 4mm ULTIMATE CONTACT latex zaru\u010d\u00ed ten najlep\u0161\u00ed grip na trhu! Vysk\u00fa\u0161aj #KKgloves ihne\u010f.\" \/>\n<meta property=\"og:url\" content=\"https:\/\/2keepers.com\/sk\/obchod\/rukavice\/kk-gloves-k-knit-redwhite\/\" \/>\n<meta property=\"og:site_name\" content=\"KK Gloves\" \/>\n<meta property=\"article:publisher\" content=\"https:\/\/www.facebook.com\/people\/KK-GLOVESsk-Brankrske-rukavice\/100083376575174\/\" \/>\n<meta property=\"article:modified_time\" content=\"2025-01-01T22:06:26+00:00\" \/>\n<meta property=\"og:image\" content=\"https:\/\/2keepers.com\/wp-content\/uploads\/2024\/04\/shadow.png\" \/>\n\t<meta property=\"og:image:width\" content=\"1080\" \/>\n\t<meta property=\"og:image:height\" content=\"1080\" \/>\n\t<meta property=\"og:image:type\" content=\"image\/png\" \/>\n<meta name=\"twitter:card\" content=\"summary_large_image\" \/>\n<meta name=\"twitter:label1\" content=\"Predpokladan\u00fd \u010das \u010d\u00edtania\" \/>\n\t<meta name=\"twitter:data1\" content=\"1 min\u00fata\" \/>\n<script type=\"application\/ld+json\" class=\"yoast-schema-graph\">{\"@context\":\"https:\/\/schema.org\",\"@graph\":[{\"@type\":\"WebPage\",\"@id\":\"https:\/\/2keepers.com\/sk\/obchod\/rukavice\/kk-gloves-k-knit-redwhite\/\",\"url\":\"https:\/\/2keepers.com\/sk\/obchod\/rukavice\/kk-gloves-k-knit-redwhite\/\",\"name\":\"Brank\u00e1rske rukaice KK K-Knit Red&White - KK Gloves\",\"isPartOf\":{\"@id\":\"https:\/\/2keepers.com\/sk\/#website\"},\"primaryImageOfPage\":{\"@id\":\"https:\/\/2keepers.com\/sk\/obchod\/rukavice\/kk-gloves-k-knit-redwhite\/#primaryimage\"},\"image\":{\"@id\":\"https:\/\/2keepers.com\/sk\/obchod\/rukavice\/kk-gloves-k-knit-redwhite\/#primaryimage\"},\"thumbnailUrl\":\"https:\/\/2keepers.com\/wp-content\/uploads\/2024\/04\/shadow.png\",\"datePublished\":\"2024-04-15T11:22:11+00:00\",\"dateModified\":\"2025-01-01T22:06:26+00:00\",\"description\":\"Profesion\u00e1lne brank\u00e1rske rukavice vyvinut\u00e9 na SLOVENSKU! 4mm ULTIMATE CONTACT latex zaru\u010d\u00ed ten najlep\u0161\u00ed grip na trhu! Vysk\u00fa\u0161aj #KKgloves ihne\u010f.\",\"breadcrumb\":{\"@id\":\"https:\/\/2keepers.com\/sk\/obchod\/rukavice\/kk-gloves-k-knit-redwhite\/#breadcrumb\"},\"inLanguage\":\"sk-SK\",\"potentialAction\":[{\"@type\":\"ReadAction\",\"target\":[\"https:\/\/2keepers.com\/sk\/obchod\/rukavice\/kk-gloves-k-knit-redwhite\/\"]}]},{\"@type\":\"ImageObject\",\"inLanguage\":\"sk-SK\",\"@id\":\"https:\/\/2keepers.com\/sk\/obchod\/rukavice\/kk-gloves-k-knit-redwhite\/#primaryimage\",\"url\":\"https:\/\/2keepers.com\/wp-content\/uploads\/2024\/04\/shadow.png\",\"contentUrl\":\"https:\/\/2keepers.com\/wp-content\/uploads\/2024\/04\/shadow.png\",\"width\":1080,\"height\":1080},{\"@type\":\"BreadcrumbList\",\"@id\":\"https:\/\/2keepers.com\/sk\/obchod\/rukavice\/kk-gloves-k-knit-redwhite\/#breadcrumb\",\"itemListElement\":[{\"@type\":\"ListItem\",\"position\":1,\"name\":\"Domovsk\u00e1 str\u00e1nka\",\"item\":\"https:\/\/2keepers.com\/sk\/\"},{\"@type\":\"ListItem\",\"position\":2,\"name\":\"Obchod\",\"item\":\"https:\/\/2keepers.com\/obchod\/\"},{\"@type\":\"ListItem\",\"position\":3,\"name\":\"Brank\u00e1rske rukaice KK K-Knit Red&#038;White\"}]},{\"@type\":\"WebSite\",\"@id\":\"https:\/\/2keepers.com\/sk\/#website\",\"url\":\"https:\/\/2keepers.com\/sk\/\",\"name\":\"KK Gloves\",\"description\":\"\",\"publisher\":{\"@id\":\"https:\/\/2keepers.com\/sk\/#organization\"},\"potentialAction\":[{\"@type\":\"SearchAction\",\"target\":{\"@type\":\"EntryPoint\",\"urlTemplate\":\"https:\/\/2keepers.com\/sk\/?s={search_term_string}\"},\"query-input\":{\"@type\":\"PropertyValueSpecification\",\"valueRequired\":true,\"valueName\":\"search_term_string\"}}],\"inLanguage\":\"sk-SK\"},{\"@type\":\"Organization\",\"@id\":\"https:\/\/2keepers.com\/sk\/#organization\",\"name\":\"KK Gloves\",\"url\":\"https:\/\/2keepers.com\/sk\/\",\"logo\":{\"@type\":\"ImageObject\",\"inLanguage\":\"sk-SK\",\"@id\":\"https:\/\/2keepers.com\/sk\/#\/schema\/logo\/image\/\",\"url\":\"https:\/\/2keepers.com\/wp-content\/uploads\/2024\/06\/logo.png\",\"contentUrl\":\"https:\/\/2keepers.com\/wp-content\/uploads\/2024\/06\/logo.png\",\"width\":863,\"height\":1013,\"caption\":\"KK Gloves\"},\"image\":{\"@id\":\"https:\/\/2keepers.com\/sk\/#\/schema\/logo\/image\/\"},\"sameAs\":[\"https:\/\/www.facebook.com\/people\/KK-GLOVESsk-Brankrske-rukavice\/100083376575174\/\",\"https:\/\/www.instagram.com\/kk_gloves.sk?igsh=cTh2NTVlejVjcWo3\"]}]}<\/script>\n<!-- \/ Yoast SEO plugin. -->","yoast_head_json":{"title":"Brank\u00e1rske rukaice KK K-Knit Red&White - KK Gloves","description":"Profesion\u00e1lne brank\u00e1rske rukavice vyvinut\u00e9 na SLOVENSKU! 4mm ULTIMATE CONTACT latex zaru\u010d\u00ed ten najlep\u0161\u00ed grip na trhu! Vysk\u00fa\u0161aj #KKgloves ihne\u010f.","robots":{"index":"index","follow":"follow","max-snippet":"max-snippet:-1","max-image-preview":"max-image-preview:large","max-video-preview":"max-video-preview:-1"},"canonical":"https:\/\/2keepers.com\/sk\/obchod\/rukavice\/kk-gloves-k-knit-redwhite\/","og_locale":"sk_SK","og_type":"article","og_title":"Brank\u00e1rske rukaice KK K-Knit Red&White - KK Gloves","og_description":"Profesion\u00e1lne brank\u00e1rske rukavice vyvinut\u00e9 na SLOVENSKU! 4mm ULTIMATE CONTACT latex zaru\u010d\u00ed ten najlep\u0161\u00ed grip na trhu! Vysk\u00fa\u0161aj #KKgloves ihne\u010f.","og_url":"https:\/\/2keepers.com\/sk\/obchod\/rukavice\/kk-gloves-k-knit-redwhite\/","og_site_name":"KK Gloves","article_publisher":"https:\/\/www.facebook.com\/people\/KK-GLOVESsk-Brankrske-rukavice\/100083376575174\/","article_modified_time":"2025-01-01T22:06:26+00:00","og_image":[{"width":1080,"height":1080,"url":"https:\/\/2keepers.com\/wp-content\/uploads\/2024\/04\/shadow.png","type":"image\/png"}],"twitter_card":"summary_large_image","twitter_misc":{"Predpokladan\u00fd \u010das \u010d\u00edtania":"1 min\u00fata"},"schema":{"@context":"https:\/\/schema.org","@graph":[{"@type":"WebPage","@id":"https:\/\/2keepers.com\/sk\/obchod\/rukavice\/kk-gloves-k-knit-redwhite\/","url":"https:\/\/2keepers.com\/sk\/obchod\/rukavice\/kk-gloves-k-knit-redwhite\/","name":"Brank\u00e1rske rukaice KK K-Knit Red&White - KK Gloves","isPartOf":{"@id":"https:\/\/2keepers.com\/sk\/#website"},"primaryImageOfPage":{"@id":"https:\/\/2keepers.com\/sk\/obchod\/rukavice\/kk-gloves-k-knit-redwhite\/#primaryimage"},"image":{"@id":"https:\/\/2keepers.com\/sk\/obchod\/rukavice\/kk-gloves-k-knit-redwhite\/#primaryimage"},"thumbnailUrl":"https:\/\/2keepers.com\/wp-content\/uploads\/2024\/04\/shadow.png","datePublished":"2024-04-15T11:22:11+00:00","dateModified":"2025-01-01T22:06:26+00:00","description":"Profesion\u00e1lne brank\u00e1rske rukavice vyvinut\u00e9 na SLOVENSKU! 4mm ULTIMATE CONTACT latex zaru\u010d\u00ed ten najlep\u0161\u00ed grip na trhu! Vysk\u00fa\u0161aj #KKgloves ihne\u010f.","breadcrumb":{"@id":"https:\/\/2keepers.com\/sk\/obchod\/rukavice\/kk-gloves-k-knit-redwhite\/#breadcrumb"},"inLanguage":"sk-SK","potentialAction":[{"@type":"ReadAction","target":["https:\/\/2keepers.com\/sk\/obchod\/rukavice\/kk-gloves-k-knit-redwhite\/"]}]},{"@type":"ImageObject","inLanguage":"sk-SK","@id":"https:\/\/2keepers.com\/sk\/obchod\/rukavice\/kk-gloves-k-knit-redwhite\/#primaryimage","url":"https:\/\/2keepers.com\/wp-content\/uploads\/2024\/04\/shadow.png","contentUrl":"https:\/\/2keepers.com\/wp-content\/uploads\/2024\/04\/shadow.png","width":1080,"height":1080},{"@type":"BreadcrumbList","@id":"https:\/\/2keepers.com\/sk\/obchod\/rukavice\/kk-gloves-k-knit-redwhite\/#breadcrumb","itemListElement":[{"@type":"ListItem","position":1,"name":"Domovsk\u00e1 str\u00e1nka","item":"https:\/\/2keepers.com\/sk\/"},{"@type":"ListItem","position":2,"name":"Obchod","item":"https:\/\/2keepers.com\/obchod\/"},{"@type":"ListItem","position":3,"name":"Brank\u00e1rske rukaice KK K-Knit Red&#038;White"}]},{"@type":"WebSite","@id":"https:\/\/2keepers.com\/sk\/#website","url":"https:\/\/2keepers.com\/sk\/","name":"KK Gloves","description":"","publisher":{"@id":"https:\/\/2keepers.com\/sk\/#organization"},"potentialAction":[{"@type":"SearchAction","target":{"@type":"EntryPoint","urlTemplate":"https:\/\/2keepers.com\/sk\/?s={search_term_string}"},"query-input":{"@type":"PropertyValueSpecification","valueRequired":true,"valueName":"search_term_string"}}],"inLanguage":"sk-SK"},{"@type":"Organization","@id":"https:\/\/2keepers.com\/sk\/#organization","name":"KK Gloves","url":"https:\/\/2keepers.com\/sk\/","logo":{"@type":"ImageObject","inLanguage":"sk-SK","@id":"https:\/\/2keepers.com\/sk\/#\/schema\/logo\/image\/","url":"https:\/\/2keepers.com\/wp-content\/uploads\/2024\/06\/logo.png","contentUrl":"https:\/\/2keepers.com\/wp-content\/uploads\/2024\/06\/logo.png","width":863,"height":1013,"caption":"KK Gloves"},"image":{"@id":"https:\/\/2keepers.com\/sk\/#\/schema\/logo\/image\/"},"sameAs":["https:\/\/www.facebook.com\/people\/KK-GLOVESsk-Brankrske-rukavice\/100083376575174\/","https:\/\/www.instagram.com\/kk_gloves.sk?igsh=cTh2NTVlejVjcWo3"]}]}},"_links":{"self":[{"href":"https:\/\/2keepers.com\/sk\/wp-json\/wp\/v2\/product\/266","targetHints":{"allow":["GET"]}}],"collection":[{"href":"https:\/\/2keepers.com\/sk\/wp-json\/wp\/v2\/product"}],"about":[{"href":"https:\/\/2keepers.com\/sk\/wp-json\/wp\/v2\/types\/product"}],"wp:featuredmedia":[{"embeddable":true,"href":"https:\/\/2keepers.com\/sk\/wp-json\/wp\/v2\/media\/267"}],"wp:attachment":[{"href":"https:\/\/2keepers.com\/sk\/wp-json\/wp\/v2\/media?parent=266"}],"wp:term":[{"taxonomy":"product_brand","embeddable":true,"href":"https:\/\/2keepers.com\/sk\/wp-json\/wp\/v2\/product_brand?post=266"},{"taxonomy":"product_cat","embeddable":true,"href":"https:\/\/2keepers.com\/sk\/wp-json\/wp\/v2\/product_cat?post=266"},{"taxonomy":"product_tag","embeddable":true,"href":"https:\/\/2keepers.com\/sk\/wp-json\/wp\/v2\/product_tag?post=266"}],"curies":[{"name":"wp","href":"https:\/\/api.w.org\/{rel}","templated":true}]}}