{"id":294,"date":"2024-05-29T10:37:44","date_gmt":"2024-05-29T08:37:44","guid":{"rendered":"https:\/\/2keepers.com\/?post_type=product&#038;p=294"},"modified":"2025-12-17T10:46:38","modified_gmt":"2025-12-17T09:46:38","slug":"brankarske-rukavice-kk-limelight","status":"publish","type":"product","link":"https:\/\/2keepers.com\/sk\/obchod\/rukavice\/brankarske-rukavice-kk-limelight\/","title":{"rendered":"Brank\u00e1rske rukavice KK LimeLight"},"content":{"rendered":"<p><strong>KK Gloves<\/strong> po prv\u00fdkr\u00e1t v zelenom farebnom preveden\u00ed! Predstavujeme model <em><strong>LimeLight. <\/strong><\/em>\u0160t\u00fdlov\u00fd dizajn je u\u017e samozrejmos\u0165ou, no prekvap\u00ed v\u00e1s materi\u00e1l, ktor\u00fd sme na v\u00fdrobu pou\u017eili &#8211; a t\u00fdmto sa odli\u0161ujeme od konkuren\u010dn\u00fdch zna\u010diek brank\u00e1rskych rukav\u00edc &#8211; komfortom.<\/p>\n<p>Grip ako inak, ten <strong>najlepkavej\u0161\u00ed 4mm GERMAN ULTIMATE CONTACT <\/strong>pre t\u00fa najlep\u0161iu pri\u013enavos\u0165 na loptu, ktor\u00fd ka\u017ed\u00fd z\u00e1krok premen\u00ed na z\u00e1\u017eitok v br\u00e1ne.<\/p>\n<p>Nov\u00e1 forma <strong>NEGATIVE<\/strong> strihu rob\u00ed rukavice zauj\u00edmavej\u0161\u00edmi a najm\u00e4 pohodlnej\u0161\u00edmi.<\/p>\n<p>Rukavice sedia dokonale na ruk\u00e1ch, no pokia\u013e by ste si chceli dopria\u0165 e\u0161te v\u00e4\u010d\u0161\u00ed pocit istoty, nasadi\u0165 si m\u00f4\u017eete <strong>up\u00ednac\u00ed p\u00e1sik<\/strong>, ktor\u00fd v\u00e1m dod\u00e1 potrebn\u00fa pevnos\u0165 v z\u00e1p\u00e4st\u00ed.<\/p>\n<p>&nbsp;<\/p>\n<p>&nbsp;<\/p>\n","protected":false},"excerpt":{"rendered":"<p><strong>Z\u00e1kladn\u00e9 inform\u00e1cie:<\/strong><\/p>\n<p>Pena: 4mm ULTIMATE CONTACT LATEX<\/p>\n<p>Strih: New Negative<\/p>\n<p>Materi\u00e1l: Breathpren (Nemecko)<\/p>\n<p><span style=\"background-color: var(--global--color-background); color: var(--global--color-primary); font-family: var(--global--font-secondary); font-size: var(--global--font-size-base);\">Farba: \u010cierna, Ne\u00f3nov\u00e1 zelen\u00e1<\/span><\/p>\n<p>Zap\u00ednanie: Odn\u00edmate\u013en\u00fd up\u00ednac\u00ed p\u00e1sik<\/p>\n","protected":false},"featured_media":295,"template":"","meta":{"_acf_changed":false},"product_brand":[],"product_cat":[16],"product_tag":[34,32,33,31,50,35],"class_list":{"0":"post-294","1":"product","2":"type-product","3":"status-publish","4":"has-post-thumbnail","6":"product_cat-rukavice","7":"product_tag-brankari","8":"product_tag-brankarske-rukavice","9":"product_tag-goalkeeper-gloves","10":"product_tag-kk","11":"product_tag-kk-gloves","12":"product_tag-najlepsie-rukavice","13":"entry","15":"first","16":"instock","17":"taxable","18":"shipping-taxable","19":"purchasable","20":"product-type-variable"},"acf":[],"yoast_head":"<!-- This site is optimized with the Yoast SEO plugin v26.6 - https:\/\/yoast.com\/wordpress\/plugins\/seo\/ -->\n<title>Brank\u00e1rske rukavice KK LimeLight - KK Gloves NAJLEPKAVEJ\u0160\u00cd GRIP<\/title>\n<meta name=\"description\" content=\"Profesion\u00e1lne brank\u00e1rske rukavice KK Gloves Lime Light vyroben\u00e9 z kvalitn\u00fdch nemeck\u00fdch materi\u00e1lov s NAJLEPKAVEJ\u0160\u00cdM Gripom 4mm GERMAN ULTIMATE CONTACT.\" \/>\n<meta name=\"robots\" content=\"index, follow, max-snippet:-1, max-image-preview:large, max-video-preview:-1\" \/>\n<link rel=\"canonical\" href=\"https:\/\/2keepers.com\/sk\/obchod\/rukavice\/brankarske-rukavice-kk-limelight\/\" \/>\n<meta property=\"og:locale\" content=\"sk_SK\" \/>\n<meta property=\"og:type\" content=\"article\" \/>\n<meta property=\"og:title\" content=\"Brank\u00e1rske rukavice KK LimeLight - KK Gloves NAJLEPKAVEJ\u0160\u00cd GRIP\" \/>\n<meta property=\"og:description\" content=\"Profesion\u00e1lne brank\u00e1rske rukavice KK Gloves Lime Light vyroben\u00e9 z kvalitn\u00fdch nemeck\u00fdch materi\u00e1lov s NAJLEPKAVEJ\u0160\u00cdM Gripom 4mm GERMAN ULTIMATE CONTACT.\" \/>\n<meta property=\"og:url\" content=\"https:\/\/2keepers.com\/sk\/obchod\/rukavice\/brankarske-rukavice-kk-limelight\/\" \/>\n<meta property=\"og:site_name\" content=\"KK Gloves\" \/>\n<meta property=\"article:publisher\" content=\"https:\/\/www.facebook.com\/people\/KK-GLOVESsk-Brankrske-rukavice\/100083376575174\/\" \/>\n<meta property=\"article:modified_time\" content=\"2025-12-17T09:46:38+00:00\" \/>\n<meta property=\"og:image\" content=\"https:\/\/2keepers.com\/wp-content\/uploads\/2024\/05\/front.png\" \/>\n\t<meta property=\"og:image:width\" content=\"1080\" \/>\n\t<meta property=\"og:image:height\" content=\"1080\" \/>\n\t<meta property=\"og:image:type\" content=\"image\/png\" \/>\n<meta name=\"twitter:card\" content=\"summary_large_image\" \/>\n<meta name=\"twitter:label1\" content=\"Predpokladan\u00fd \u010das \u010d\u00edtania\" \/>\n\t<meta name=\"twitter:data1\" content=\"1 min\u00fata\" \/>\n<script type=\"application\/ld+json\" class=\"yoast-schema-graph\">{\"@context\":\"https:\/\/schema.org\",\"@graph\":[{\"@type\":\"WebPage\",\"@id\":\"https:\/\/2keepers.com\/sk\/obchod\/rukavice\/brankarske-rukavice-kk-limelight\/\",\"url\":\"https:\/\/2keepers.com\/sk\/obchod\/rukavice\/brankarske-rukavice-kk-limelight\/\",\"name\":\"Brank\u00e1rske rukavice KK LimeLight - KK Gloves NAJLEPKAVEJ\u0160\u00cd GRIP\",\"isPartOf\":{\"@id\":\"https:\/\/2keepers.com\/sk\/#website\"},\"primaryImageOfPage\":{\"@id\":\"https:\/\/2keepers.com\/sk\/obchod\/rukavice\/brankarske-rukavice-kk-limelight\/#primaryimage\"},\"image\":{\"@id\":\"https:\/\/2keepers.com\/sk\/obchod\/rukavice\/brankarske-rukavice-kk-limelight\/#primaryimage\"},\"thumbnailUrl\":\"https:\/\/2keepers.com\/wp-content\/uploads\/2024\/05\/front.png\",\"datePublished\":\"2024-05-29T08:37:44+00:00\",\"dateModified\":\"2025-12-17T09:46:38+00:00\",\"description\":\"Profesion\u00e1lne brank\u00e1rske rukavice KK Gloves Lime Light vyroben\u00e9 z kvalitn\u00fdch nemeck\u00fdch materi\u00e1lov s NAJLEPKAVEJ\u0160\u00cdM Gripom 4mm GERMAN ULTIMATE CONTACT.\",\"breadcrumb\":{\"@id\":\"https:\/\/2keepers.com\/sk\/obchod\/rukavice\/brankarske-rukavice-kk-limelight\/#breadcrumb\"},\"inLanguage\":\"sk-SK\",\"potentialAction\":[{\"@type\":\"ReadAction\",\"target\":[\"https:\/\/2keepers.com\/sk\/obchod\/rukavice\/brankarske-rukavice-kk-limelight\/\"]}]},{\"@type\":\"ImageObject\",\"inLanguage\":\"sk-SK\",\"@id\":\"https:\/\/2keepers.com\/sk\/obchod\/rukavice\/brankarske-rukavice-kk-limelight\/#primaryimage\",\"url\":\"https:\/\/2keepers.com\/wp-content\/uploads\/2024\/05\/front.png\",\"contentUrl\":\"https:\/\/2keepers.com\/wp-content\/uploads\/2024\/05\/front.png\",\"width\":1080,\"height\":1080},{\"@type\":\"BreadcrumbList\",\"@id\":\"https:\/\/2keepers.com\/sk\/obchod\/rukavice\/brankarske-rukavice-kk-limelight\/#breadcrumb\",\"itemListElement\":[{\"@type\":\"ListItem\",\"position\":1,\"name\":\"Domovsk\u00e1 str\u00e1nka\",\"item\":\"https:\/\/2keepers.com\/sk\/\"},{\"@type\":\"ListItem\",\"position\":2,\"name\":\"Obchod\",\"item\":\"https:\/\/2keepers.com\/obchod\/\"},{\"@type\":\"ListItem\",\"position\":3,\"name\":\"Brank\u00e1rske rukavice KK LimeLight\"}]},{\"@type\":\"WebSite\",\"@id\":\"https:\/\/2keepers.com\/sk\/#website\",\"url\":\"https:\/\/2keepers.com\/sk\/\",\"name\":\"KK Gloves\",\"description\":\"\",\"publisher\":{\"@id\":\"https:\/\/2keepers.com\/sk\/#organization\"},\"potentialAction\":[{\"@type\":\"SearchAction\",\"target\":{\"@type\":\"EntryPoint\",\"urlTemplate\":\"https:\/\/2keepers.com\/sk\/?s={search_term_string}\"},\"query-input\":{\"@type\":\"PropertyValueSpecification\",\"valueRequired\":true,\"valueName\":\"search_term_string\"}}],\"inLanguage\":\"sk-SK\"},{\"@type\":\"Organization\",\"@id\":\"https:\/\/2keepers.com\/sk\/#organization\",\"name\":\"KK Gloves\",\"url\":\"https:\/\/2keepers.com\/sk\/\",\"logo\":{\"@type\":\"ImageObject\",\"inLanguage\":\"sk-SK\",\"@id\":\"https:\/\/2keepers.com\/sk\/#\/schema\/logo\/image\/\",\"url\":\"https:\/\/2keepers.com\/wp-content\/uploads\/2024\/06\/logo.png\",\"contentUrl\":\"https:\/\/2keepers.com\/wp-content\/uploads\/2024\/06\/logo.png\",\"width\":863,\"height\":1013,\"caption\":\"KK Gloves\"},\"image\":{\"@id\":\"https:\/\/2keepers.com\/sk\/#\/schema\/logo\/image\/\"},\"sameAs\":[\"https:\/\/www.facebook.com\/people\/KK-GLOVESsk-Brankrske-rukavice\/100083376575174\/\",\"https:\/\/www.instagram.com\/kk_gloves.sk?igsh=cTh2NTVlejVjcWo3\"]}]}<\/script>\n<!-- \/ Yoast SEO plugin. -->","yoast_head_json":{"title":"Brank\u00e1rske rukavice KK LimeLight - KK Gloves NAJLEPKAVEJ\u0160\u00cd GRIP","description":"Profesion\u00e1lne brank\u00e1rske rukavice KK Gloves Lime Light vyroben\u00e9 z kvalitn\u00fdch nemeck\u00fdch materi\u00e1lov s NAJLEPKAVEJ\u0160\u00cdM Gripom 4mm GERMAN ULTIMATE CONTACT.","robots":{"index":"index","follow":"follow","max-snippet":"max-snippet:-1","max-image-preview":"max-image-preview:large","max-video-preview":"max-video-preview:-1"},"canonical":"https:\/\/2keepers.com\/sk\/obchod\/rukavice\/brankarske-rukavice-kk-limelight\/","og_locale":"sk_SK","og_type":"article","og_title":"Brank\u00e1rske rukavice KK LimeLight - KK Gloves NAJLEPKAVEJ\u0160\u00cd GRIP","og_description":"Profesion\u00e1lne brank\u00e1rske rukavice KK Gloves Lime Light vyroben\u00e9 z kvalitn\u00fdch nemeck\u00fdch materi\u00e1lov s NAJLEPKAVEJ\u0160\u00cdM Gripom 4mm GERMAN ULTIMATE CONTACT.","og_url":"https:\/\/2keepers.com\/sk\/obchod\/rukavice\/brankarske-rukavice-kk-limelight\/","og_site_name":"KK Gloves","article_publisher":"https:\/\/www.facebook.com\/people\/KK-GLOVESsk-Brankrske-rukavice\/100083376575174\/","article_modified_time":"2025-12-17T09:46:38+00:00","og_image":[{"width":1080,"height":1080,"url":"https:\/\/2keepers.com\/wp-content\/uploads\/2024\/05\/front.png","type":"image\/png"}],"twitter_card":"summary_large_image","twitter_misc":{"Predpokladan\u00fd \u010das \u010d\u00edtania":"1 min\u00fata"},"schema":{"@context":"https:\/\/schema.org","@graph":[{"@type":"WebPage","@id":"https:\/\/2keepers.com\/sk\/obchod\/rukavice\/brankarske-rukavice-kk-limelight\/","url":"https:\/\/2keepers.com\/sk\/obchod\/rukavice\/brankarske-rukavice-kk-limelight\/","name":"Brank\u00e1rske rukavice KK LimeLight - KK Gloves NAJLEPKAVEJ\u0160\u00cd GRIP","isPartOf":{"@id":"https:\/\/2keepers.com\/sk\/#website"},"primaryImageOfPage":{"@id":"https:\/\/2keepers.com\/sk\/obchod\/rukavice\/brankarske-rukavice-kk-limelight\/#primaryimage"},"image":{"@id":"https:\/\/2keepers.com\/sk\/obchod\/rukavice\/brankarske-rukavice-kk-limelight\/#primaryimage"},"thumbnailUrl":"https:\/\/2keepers.com\/wp-content\/uploads\/2024\/05\/front.png","datePublished":"2024-05-29T08:37:44+00:00","dateModified":"2025-12-17T09:46:38+00:00","description":"Profesion\u00e1lne brank\u00e1rske rukavice KK Gloves Lime Light vyroben\u00e9 z kvalitn\u00fdch nemeck\u00fdch materi\u00e1lov s NAJLEPKAVEJ\u0160\u00cdM Gripom 4mm GERMAN ULTIMATE CONTACT.","breadcrumb":{"@id":"https:\/\/2keepers.com\/sk\/obchod\/rukavice\/brankarske-rukavice-kk-limelight\/#breadcrumb"},"inLanguage":"sk-SK","potentialAction":[{"@type":"ReadAction","target":["https:\/\/2keepers.com\/sk\/obchod\/rukavice\/brankarske-rukavice-kk-limelight\/"]}]},{"@type":"ImageObject","inLanguage":"sk-SK","@id":"https:\/\/2keepers.com\/sk\/obchod\/rukavice\/brankarske-rukavice-kk-limelight\/#primaryimage","url":"https:\/\/2keepers.com\/wp-content\/uploads\/2024\/05\/front.png","contentUrl":"https:\/\/2keepers.com\/wp-content\/uploads\/2024\/05\/front.png","width":1080,"height":1080},{"@type":"BreadcrumbList","@id":"https:\/\/2keepers.com\/sk\/obchod\/rukavice\/brankarske-rukavice-kk-limelight\/#breadcrumb","itemListElement":[{"@type":"ListItem","position":1,"name":"Domovsk\u00e1 str\u00e1nka","item":"https:\/\/2keepers.com\/sk\/"},{"@type":"ListItem","position":2,"name":"Obchod","item":"https:\/\/2keepers.com\/obchod\/"},{"@type":"ListItem","position":3,"name":"Brank\u00e1rske rukavice KK LimeLight"}]},{"@type":"WebSite","@id":"https:\/\/2keepers.com\/sk\/#website","url":"https:\/\/2keepers.com\/sk\/","name":"KK Gloves","description":"","publisher":{"@id":"https:\/\/2keepers.com\/sk\/#organization"},"potentialAction":[{"@type":"SearchAction","target":{"@type":"EntryPoint","urlTemplate":"https:\/\/2keepers.com\/sk\/?s={search_term_string}"},"query-input":{"@type":"PropertyValueSpecification","valueRequired":true,"valueName":"search_term_string"}}],"inLanguage":"sk-SK"},{"@type":"Organization","@id":"https:\/\/2keepers.com\/sk\/#organization","name":"KK Gloves","url":"https:\/\/2keepers.com\/sk\/","logo":{"@type":"ImageObject","inLanguage":"sk-SK","@id":"https:\/\/2keepers.com\/sk\/#\/schema\/logo\/image\/","url":"https:\/\/2keepers.com\/wp-content\/uploads\/2024\/06\/logo.png","contentUrl":"https:\/\/2keepers.com\/wp-content\/uploads\/2024\/06\/logo.png","width":863,"height":1013,"caption":"KK Gloves"},"image":{"@id":"https:\/\/2keepers.com\/sk\/#\/schema\/logo\/image\/"},"sameAs":["https:\/\/www.facebook.com\/people\/KK-GLOVESsk-Brankrske-rukavice\/100083376575174\/","https:\/\/www.instagram.com\/kk_gloves.sk?igsh=cTh2NTVlejVjcWo3"]}]}},"_links":{"self":[{"href":"https:\/\/2keepers.com\/sk\/wp-json\/wp\/v2\/product\/294","targetHints":{"allow":["GET"]}}],"collection":[{"href":"https:\/\/2keepers.com\/sk\/wp-json\/wp\/v2\/product"}],"about":[{"href":"https:\/\/2keepers.com\/sk\/wp-json\/wp\/v2\/types\/product"}],"wp:featuredmedia":[{"embeddable":true,"href":"https:\/\/2keepers.com\/sk\/wp-json\/wp\/v2\/media\/295"}],"wp:attachment":[{"href":"https:\/\/2keepers.com\/sk\/wp-json\/wp\/v2\/media?parent=294"}],"wp:term":[{"taxonomy":"product_brand","embeddable":true,"href":"https:\/\/2keepers.com\/sk\/wp-json\/wp\/v2\/product_brand?post=294"},{"taxonomy":"product_cat","embeddable":true,"href":"https:\/\/2keepers.com\/sk\/wp-json\/wp\/v2\/product_cat?post=294"},{"taxonomy":"product_tag","embeddable":true,"href":"https:\/\/2keepers.com\/sk\/wp-json\/wp\/v2\/product_tag?post=294"}],"curies":[{"name":"wp","href":"https:\/\/api.w.org\/{rel}","templated":true}]}}