{"id":78,"date":"2023-12-20T15:16:14","date_gmt":"2023-12-20T14:16:14","guid":{"rendered":"https:\/\/holecicky.sk\/kk\/?post_type=product&#038;p=78"},"modified":"2025-07-07T17:11:28","modified_gmt":"2025-07-07T15:11:28","slug":"kk-gloves-elegant-white","status":"publish","type":"product","link":"https:\/\/2keepers.com\/sk\/obchod\/rukavice\/kk-gloves-elegant-white\/","title":{"rendered":"Brank\u00e1rske rukavice KK Elegant White"},"content":{"rendered":"<p>Pozor! Tento model rukav\u00edc #KKgloves je iba pre ve\u013ek\u00fdch eleg\u00e1nov! Rukavice sedia na ruke dokonale. Nie s\u00fa ani mohutn\u00e9, ani pr\u00edli\u0161 tenk\u00e9 &#8211; nazvali by sme ich ZLAT\u00dd STRED&#8230;<\/p>\n<p>&#8222;<strong>KK &#8211; Elegant White<\/strong>&#8220; sme vyrobili v strihu <em><strong>Hybrid Cut<\/strong><\/em>, \u010d\u00edm sme sa sna\u017eili vyhovie\u0165 po\u010detnej skupine brank\u00e1rov, ktor\u00ed tento strih ob\u013eubuj\u00fa.<\/p>\n<p>Brank\u00e1rske rukavice #KKgloves sa odli\u0161uj\u00fa od ostatn\u00fdch <strong>vysokou odolnos\u0165ou vo\u010di po\u0161kodeniu<\/strong> a v\u010faka tomu najlep\u0161iemu CONTACT latexu ak\u00fd sme na trhu na\u0161li aj <strong>skvelou pri\u013enavos\u0165ou<\/strong>, ktor\u00e1 v\u00e1s bude sprev\u00e1dza\u0165 po cel\u00fa dobu pou\u017e\u00edvania!<\/p>\n<p>#DefendYourGame #BeTheKK #WearTheKK<\/p>\n<p>&nbsp;<\/p>\n","protected":false},"excerpt":{"rendered":"<p><strong>Z\u00e1kladn\u00e9 inform\u00e1cie:<\/strong><\/p>\n<p>Pena: 4mm CONTACT LATEX<\/p>\n<p>Strih: Hybrid<\/p>\n<p>Backhand Materi\u00e1l: Latex + Airpreen<\/p>\n<p>Farba: Biela<\/p>\n<p>Zap\u00ednanie: Latexov\u00fd up\u00ednac\u00ed p\u00e1sik<\/p>\n","protected":false},"featured_media":90,"template":"","meta":{"_acf_changed":false},"product_brand":[],"product_cat":[16],"product_tag":[34,32,29,33,30,31,35],"class_list":{"0":"post-78","1":"product","2":"type-product","3":"status-publish","4":"has-post-thumbnail","6":"product_cat-rukavice","7":"product_tag-brankari","8":"product_tag-brankarske-rukavice","9":"product_tag-elegant","10":"product_tag-goalkeeper-gloves","11":"product_tag-hybrid-cut","12":"product_tag-kk","13":"product_tag-najlepsie-rukavice","14":"entry","16":"first","17":"instock","18":"taxable","19":"shipping-taxable","20":"purchasable","21":"product-type-variable"},"acf":[],"yoast_head":"<!-- This site is optimized with the Yoast SEO plugin v26.6 - https:\/\/yoast.com\/wordpress\/plugins\/seo\/ -->\n<title>Brank\u00e1rske rukavice KK Elegant White - KK Gloves<\/title>\n<meta name=\"description\" content=\"KK Elegant s\u00fa rukavice pre prav\u00fdch eleg\u00e1nov. Sna\u017e\u00edme sa na Slovensku vyv\u00edja\u0165 tie najkvalitnej\u0161ie brank\u00e1rske rukavice ak\u00e9 vieme. 4mm ULTIMATE CONTACT grip\" \/>\n<meta name=\"robots\" content=\"index, follow, max-snippet:-1, max-image-preview:large, max-video-preview:-1\" \/>\n<link rel=\"canonical\" href=\"https:\/\/2keepers.com\/sk\/obchod\/rukavice\/kk-gloves-elegant-white\/\" \/>\n<meta property=\"og:locale\" content=\"sk_SK\" \/>\n<meta property=\"og:type\" content=\"article\" \/>\n<meta property=\"og:title\" content=\"Brank\u00e1rske rukavice KK Elegant White - KK Gloves\" \/>\n<meta property=\"og:description\" content=\"KK Elegant s\u00fa rukavice pre prav\u00fdch eleg\u00e1nov. Sna\u017e\u00edme sa na Slovensku vyv\u00edja\u0165 tie najkvalitnej\u0161ie brank\u00e1rske rukavice ak\u00e9 vieme. 4mm ULTIMATE CONTACT grip\" \/>\n<meta property=\"og:url\" content=\"https:\/\/2keepers.com\/sk\/obchod\/rukavice\/kk-gloves-elegant-white\/\" \/>\n<meta property=\"og:site_name\" content=\"KK Gloves\" \/>\n<meta property=\"article:publisher\" content=\"https:\/\/www.facebook.com\/people\/KK-GLOVESsk-Brankrske-rukavice\/100083376575174\/\" \/>\n<meta property=\"article:modified_time\" content=\"2025-07-07T15:11:28+00:00\" \/>\n<meta property=\"og:image\" content=\"https:\/\/2keepers.com\/wp-content\/uploads\/2023\/12\/Shadow.png\" \/>\n\t<meta property=\"og:image:width\" content=\"1080\" \/>\n\t<meta property=\"og:image:height\" content=\"1080\" \/>\n\t<meta property=\"og:image:type\" content=\"image\/png\" \/>\n<meta name=\"twitter:card\" content=\"summary_large_image\" \/>\n<meta name=\"twitter:label1\" content=\"Predpokladan\u00fd \u010das \u010d\u00edtania\" \/>\n\t<meta name=\"twitter:data1\" content=\"1 min\u00fata\" \/>\n<script type=\"application\/ld+json\" class=\"yoast-schema-graph\">{\"@context\":\"https:\/\/schema.org\",\"@graph\":[{\"@type\":\"WebPage\",\"@id\":\"https:\/\/2keepers.com\/sk\/obchod\/rukavice\/kk-gloves-elegant-white\/\",\"url\":\"https:\/\/2keepers.com\/sk\/obchod\/rukavice\/kk-gloves-elegant-white\/\",\"name\":\"Brank\u00e1rske rukavice KK Elegant White - KK Gloves\",\"isPartOf\":{\"@id\":\"https:\/\/2keepers.com\/sk\/#website\"},\"primaryImageOfPage\":{\"@id\":\"https:\/\/2keepers.com\/sk\/obchod\/rukavice\/kk-gloves-elegant-white\/#primaryimage\"},\"image\":{\"@id\":\"https:\/\/2keepers.com\/sk\/obchod\/rukavice\/kk-gloves-elegant-white\/#primaryimage\"},\"thumbnailUrl\":\"https:\/\/2keepers.com\/wp-content\/uploads\/2023\/12\/Shadow.png\",\"datePublished\":\"2023-12-20T14:16:14+00:00\",\"dateModified\":\"2025-07-07T15:11:28+00:00\",\"description\":\"KK Elegant s\u00fa rukavice pre prav\u00fdch eleg\u00e1nov. Sna\u017e\u00edme sa na Slovensku vyv\u00edja\u0165 tie najkvalitnej\u0161ie brank\u00e1rske rukavice ak\u00e9 vieme. 4mm ULTIMATE CONTACT grip\",\"breadcrumb\":{\"@id\":\"https:\/\/2keepers.com\/sk\/obchod\/rukavice\/kk-gloves-elegant-white\/#breadcrumb\"},\"inLanguage\":\"sk-SK\",\"potentialAction\":[{\"@type\":\"ReadAction\",\"target\":[\"https:\/\/2keepers.com\/sk\/obchod\/rukavice\/kk-gloves-elegant-white\/\"]}]},{\"@type\":\"ImageObject\",\"inLanguage\":\"sk-SK\",\"@id\":\"https:\/\/2keepers.com\/sk\/obchod\/rukavice\/kk-gloves-elegant-white\/#primaryimage\",\"url\":\"https:\/\/2keepers.com\/wp-content\/uploads\/2023\/12\/Shadow.png\",\"contentUrl\":\"https:\/\/2keepers.com\/wp-content\/uploads\/2023\/12\/Shadow.png\",\"width\":1080,\"height\":1080},{\"@type\":\"BreadcrumbList\",\"@id\":\"https:\/\/2keepers.com\/sk\/obchod\/rukavice\/kk-gloves-elegant-white\/#breadcrumb\",\"itemListElement\":[{\"@type\":\"ListItem\",\"position\":1,\"name\":\"Domovsk\u00e1 str\u00e1nka\",\"item\":\"https:\/\/2keepers.com\/sk\/\"},{\"@type\":\"ListItem\",\"position\":2,\"name\":\"Obchod\",\"item\":\"https:\/\/2keepers.com\/obchod\/\"},{\"@type\":\"ListItem\",\"position\":3,\"name\":\"Brank\u00e1rske rukavice KK Elegant White\"}]},{\"@type\":\"WebSite\",\"@id\":\"https:\/\/2keepers.com\/sk\/#website\",\"url\":\"https:\/\/2keepers.com\/sk\/\",\"name\":\"KK Gloves\",\"description\":\"\",\"publisher\":{\"@id\":\"https:\/\/2keepers.com\/sk\/#organization\"},\"potentialAction\":[{\"@type\":\"SearchAction\",\"target\":{\"@type\":\"EntryPoint\",\"urlTemplate\":\"https:\/\/2keepers.com\/sk\/?s={search_term_string}\"},\"query-input\":{\"@type\":\"PropertyValueSpecification\",\"valueRequired\":true,\"valueName\":\"search_term_string\"}}],\"inLanguage\":\"sk-SK\"},{\"@type\":\"Organization\",\"@id\":\"https:\/\/2keepers.com\/sk\/#organization\",\"name\":\"KK Gloves\",\"url\":\"https:\/\/2keepers.com\/sk\/\",\"logo\":{\"@type\":\"ImageObject\",\"inLanguage\":\"sk-SK\",\"@id\":\"https:\/\/2keepers.com\/sk\/#\/schema\/logo\/image\/\",\"url\":\"https:\/\/2keepers.com\/wp-content\/uploads\/2024\/06\/logo.png\",\"contentUrl\":\"https:\/\/2keepers.com\/wp-content\/uploads\/2024\/06\/logo.png\",\"width\":863,\"height\":1013,\"caption\":\"KK Gloves\"},\"image\":{\"@id\":\"https:\/\/2keepers.com\/sk\/#\/schema\/logo\/image\/\"},\"sameAs\":[\"https:\/\/www.facebook.com\/people\/KK-GLOVESsk-Brankrske-rukavice\/100083376575174\/\",\"https:\/\/www.instagram.com\/kk_gloves.sk?igsh=cTh2NTVlejVjcWo3\"]}]}<\/script>\n<!-- \/ Yoast SEO plugin. -->","yoast_head_json":{"title":"Brank\u00e1rske rukavice KK Elegant White - KK Gloves","description":"KK Elegant s\u00fa rukavice pre prav\u00fdch eleg\u00e1nov. Sna\u017e\u00edme sa na Slovensku vyv\u00edja\u0165 tie najkvalitnej\u0161ie brank\u00e1rske rukavice ak\u00e9 vieme. 4mm ULTIMATE CONTACT grip","robots":{"index":"index","follow":"follow","max-snippet":"max-snippet:-1","max-image-preview":"max-image-preview:large","max-video-preview":"max-video-preview:-1"},"canonical":"https:\/\/2keepers.com\/sk\/obchod\/rukavice\/kk-gloves-elegant-white\/","og_locale":"sk_SK","og_type":"article","og_title":"Brank\u00e1rske rukavice KK Elegant White - KK Gloves","og_description":"KK Elegant s\u00fa rukavice pre prav\u00fdch eleg\u00e1nov. Sna\u017e\u00edme sa na Slovensku vyv\u00edja\u0165 tie najkvalitnej\u0161ie brank\u00e1rske rukavice ak\u00e9 vieme. 4mm ULTIMATE CONTACT grip","og_url":"https:\/\/2keepers.com\/sk\/obchod\/rukavice\/kk-gloves-elegant-white\/","og_site_name":"KK Gloves","article_publisher":"https:\/\/www.facebook.com\/people\/KK-GLOVESsk-Brankrske-rukavice\/100083376575174\/","article_modified_time":"2025-07-07T15:11:28+00:00","og_image":[{"width":1080,"height":1080,"url":"https:\/\/2keepers.com\/wp-content\/uploads\/2023\/12\/Shadow.png","type":"image\/png"}],"twitter_card":"summary_large_image","twitter_misc":{"Predpokladan\u00fd \u010das \u010d\u00edtania":"1 min\u00fata"},"schema":{"@context":"https:\/\/schema.org","@graph":[{"@type":"WebPage","@id":"https:\/\/2keepers.com\/sk\/obchod\/rukavice\/kk-gloves-elegant-white\/","url":"https:\/\/2keepers.com\/sk\/obchod\/rukavice\/kk-gloves-elegant-white\/","name":"Brank\u00e1rske rukavice KK Elegant White - KK Gloves","isPartOf":{"@id":"https:\/\/2keepers.com\/sk\/#website"},"primaryImageOfPage":{"@id":"https:\/\/2keepers.com\/sk\/obchod\/rukavice\/kk-gloves-elegant-white\/#primaryimage"},"image":{"@id":"https:\/\/2keepers.com\/sk\/obchod\/rukavice\/kk-gloves-elegant-white\/#primaryimage"},"thumbnailUrl":"https:\/\/2keepers.com\/wp-content\/uploads\/2023\/12\/Shadow.png","datePublished":"2023-12-20T14:16:14+00:00","dateModified":"2025-07-07T15:11:28+00:00","description":"KK Elegant s\u00fa rukavice pre prav\u00fdch eleg\u00e1nov. Sna\u017e\u00edme sa na Slovensku vyv\u00edja\u0165 tie najkvalitnej\u0161ie brank\u00e1rske rukavice ak\u00e9 vieme. 4mm ULTIMATE CONTACT grip","breadcrumb":{"@id":"https:\/\/2keepers.com\/sk\/obchod\/rukavice\/kk-gloves-elegant-white\/#breadcrumb"},"inLanguage":"sk-SK","potentialAction":[{"@type":"ReadAction","target":["https:\/\/2keepers.com\/sk\/obchod\/rukavice\/kk-gloves-elegant-white\/"]}]},{"@type":"ImageObject","inLanguage":"sk-SK","@id":"https:\/\/2keepers.com\/sk\/obchod\/rukavice\/kk-gloves-elegant-white\/#primaryimage","url":"https:\/\/2keepers.com\/wp-content\/uploads\/2023\/12\/Shadow.png","contentUrl":"https:\/\/2keepers.com\/wp-content\/uploads\/2023\/12\/Shadow.png","width":1080,"height":1080},{"@type":"BreadcrumbList","@id":"https:\/\/2keepers.com\/sk\/obchod\/rukavice\/kk-gloves-elegant-white\/#breadcrumb","itemListElement":[{"@type":"ListItem","position":1,"name":"Domovsk\u00e1 str\u00e1nka","item":"https:\/\/2keepers.com\/sk\/"},{"@type":"ListItem","position":2,"name":"Obchod","item":"https:\/\/2keepers.com\/obchod\/"},{"@type":"ListItem","position":3,"name":"Brank\u00e1rske rukavice KK Elegant White"}]},{"@type":"WebSite","@id":"https:\/\/2keepers.com\/sk\/#website","url":"https:\/\/2keepers.com\/sk\/","name":"KK Gloves","description":"","publisher":{"@id":"https:\/\/2keepers.com\/sk\/#organization"},"potentialAction":[{"@type":"SearchAction","target":{"@type":"EntryPoint","urlTemplate":"https:\/\/2keepers.com\/sk\/?s={search_term_string}"},"query-input":{"@type":"PropertyValueSpecification","valueRequired":true,"valueName":"search_term_string"}}],"inLanguage":"sk-SK"},{"@type":"Organization","@id":"https:\/\/2keepers.com\/sk\/#organization","name":"KK Gloves","url":"https:\/\/2keepers.com\/sk\/","logo":{"@type":"ImageObject","inLanguage":"sk-SK","@id":"https:\/\/2keepers.com\/sk\/#\/schema\/logo\/image\/","url":"https:\/\/2keepers.com\/wp-content\/uploads\/2024\/06\/logo.png","contentUrl":"https:\/\/2keepers.com\/wp-content\/uploads\/2024\/06\/logo.png","width":863,"height":1013,"caption":"KK Gloves"},"image":{"@id":"https:\/\/2keepers.com\/sk\/#\/schema\/logo\/image\/"},"sameAs":["https:\/\/www.facebook.com\/people\/KK-GLOVESsk-Brankrske-rukavice\/100083376575174\/","https:\/\/www.instagram.com\/kk_gloves.sk?igsh=cTh2NTVlejVjcWo3"]}]}},"_links":{"self":[{"href":"https:\/\/2keepers.com\/sk\/wp-json\/wp\/v2\/product\/78","targetHints":{"allow":["GET"]}}],"collection":[{"href":"https:\/\/2keepers.com\/sk\/wp-json\/wp\/v2\/product"}],"about":[{"href":"https:\/\/2keepers.com\/sk\/wp-json\/wp\/v2\/types\/product"}],"wp:featuredmedia":[{"embeddable":true,"href":"https:\/\/2keepers.com\/sk\/wp-json\/wp\/v2\/media\/90"}],"wp:attachment":[{"href":"https:\/\/2keepers.com\/sk\/wp-json\/wp\/v2\/media?parent=78"}],"wp:term":[{"taxonomy":"product_brand","embeddable":true,"href":"https:\/\/2keepers.com\/sk\/wp-json\/wp\/v2\/product_brand?post=78"},{"taxonomy":"product_cat","embeddable":true,"href":"https:\/\/2keepers.com\/sk\/wp-json\/wp\/v2\/product_cat?post=78"},{"taxonomy":"product_tag","embeddable":true,"href":"https:\/\/2keepers.com\/sk\/wp-json\/wp\/v2\/product_tag?post=78"}],"curies":[{"name":"wp","href":"https:\/\/api.w.org\/{rel}","templated":true}]}}