{"id":871,"date":"2024-12-18T20:59:57","date_gmt":"2024-12-18T19:59:57","guid":{"rendered":"https:\/\/2keepers.com\/?post_type=product&#038;p=871"},"modified":"2025-12-04T11:43:06","modified_gmt":"2025-12-04T10:43:06","slug":"brankarske-rukavice-kk-________","status":"publish","type":"product","link":"https:\/\/2keepers.com\/sk\/obchod\/rukavice\/brankarske-rukavice-kk-________\/","title":{"rendered":"Brank\u00e1rske rukavice KK EDGE"},"content":{"rendered":"<p>Nov\u00e1 ed\u00edcia brank\u00e1rskych rukav\u00edc KK Gloves v\u00e1s tentokr\u00e1t oh\u00fari nielen svojim dizajnom ale aj pohodlnos\u0165ou zvonku \u010di zvn\u00fatra!<\/p>\n<p>Zo zadnej \u010dasti tvor\u00ed telo brank\u00e1rskych rukav\u00edc ve\u013emi pohodln\u00fd a prisp\u00f4sobiv\u00fd materi\u00e1l <strong>&#8222;Winstapper&#8220;, ktor\u00fd sme pri tvorbe rukav\u00edc pou\u017eili v\u00f4bec po prv\u00fdkr\u00e1t!<\/strong> Dla\u0148ov\u00fa \u010das\u0165 pokr\u00fdva najnov\u0161ia verzia toho najlepkavej\u0161ieho latexu, ak\u00fd je na trhu k dispoz\u00edcii a ktor\u00fd pou\u017e\u00edvame ako jedin\u00e1 zna\u010dka na trhu &#8211; <strong>GERMAN ULTIMATE CONTACT 2.0!<\/strong><\/p>\n<p>Z vn\u00fatornej \u010dasti rukav\u00edc sme na z\u00e1klade recenzi\u00ed na\u0161ich spokojn\u00fdch profesion\u00e1lnych ale aj amat\u00e9rskych brank\u00e1rov pokryli kon\u010deky prstov a cel\u00fa dla\u0148 silik\u00f3nov\u00fdmi pruhmi a vytvorili sme tak prelomov\u00fd <strong>INSIDE GRIP<\/strong> &#8211; grip zvn\u00fatra!<\/p>\n<p>Po jeho vysk\u00fa\u0161an\u00ed u\u017e o brank\u00e1rske rukavice bez Inside Gripu ani len nezakopnete!<\/p>\n","protected":false},"excerpt":{"rendered":"<p><strong>Z\u00e1kladn\u00e9 inform\u00e1cie:<\/strong><\/p>\n<p>Pena: 4mm GERMAN ULTIMATE CONTACT 2.0<\/p>\n<p>Strih: Long NEGATIVE GKO<\/p>\n<p>Materi\u00e1l: Winstapper (Nemecko)<\/p>\n<p><span style=\"background-color: var(--global--color-background); color: var(--global--color-primary); font-family: var(--global--font-secondary); font-size: var(--global--font-size-base);\">Farba: A\u017cur, Biela\u00a0<\/span><\/p>\n<p>Zap\u00ednanie: Komfortn\u00e9 jednostrann\u00e9 up\u00ednanie<\/p>\n","protected":false},"featured_media":872,"template":"","meta":{"_acf_changed":false},"product_brand":[],"product_cat":[16,48],"product_tag":[32,33,31,148,147],"class_list":{"0":"post-871","1":"product","2":"type-product","3":"status-publish","4":"has-post-thumbnail","6":"product_cat-rukavice","7":"product_cat-top-produkty","8":"product_tag-brankarske-rukavice","9":"product_tag-goalkeeper-gloves","10":"product_tag-kk","11":"product_tag-kkgloves","12":"product_tag-najlepsie-brankarske-rukavice","13":"entry","15":"first","16":"instock","17":"taxable","18":"shipping-taxable","19":"purchasable","20":"product-type-variable"},"acf":[],"yoast_head":"<!-- This site is optimized with the Yoast SEO plugin v26.6 - https:\/\/yoast.com\/wordpress\/plugins\/seo\/ -->\n<title>Brank\u00e1rske rukavice KK EDGE - KK Gloves<\/title>\n<meta name=\"description\" content=\"Nov\u00e1 ed\u00edcia brank\u00e1rskych rukav\u00edc KK Gloves v\u00e1s tentokr\u00e1t oh\u00fari nielen svojim dizajnom ale aj pohodlnos\u0165ou zvonku \u010di zvn\u00fatra!\" \/>\n<meta name=\"robots\" content=\"index, follow, max-snippet:-1, max-image-preview:large, max-video-preview:-1\" \/>\n<link rel=\"canonical\" href=\"https:\/\/2keepers.com\/sk\/obchod\/rukavice\/brankarske-rukavice-kk-________\/\" \/>\n<meta property=\"og:locale\" content=\"sk_SK\" \/>\n<meta property=\"og:type\" content=\"article\" \/>\n<meta property=\"og:title\" content=\"Brank\u00e1rske rukavice KK EDGE - KK Gloves\" \/>\n<meta property=\"og:description\" content=\"Nov\u00e1 ed\u00edcia brank\u00e1rskych rukav\u00edc KK Gloves v\u00e1s tentokr\u00e1t oh\u00fari nielen svojim dizajnom ale aj pohodlnos\u0165ou zvonku \u010di zvn\u00fatra!\" \/>\n<meta property=\"og:url\" content=\"https:\/\/2keepers.com\/sk\/obchod\/rukavice\/brankarske-rukavice-kk-________\/\" \/>\n<meta property=\"og:site_name\" content=\"KK Gloves\" \/>\n<meta property=\"article:publisher\" content=\"https:\/\/www.facebook.com\/people\/KK-GLOVESsk-Brankrske-rukavice\/100083376575174\/\" \/>\n<meta property=\"article:modified_time\" content=\"2025-12-04T10:43:06+00:00\" \/>\n<meta property=\"og:image\" content=\"https:\/\/2keepers.com\/wp-content\/uploads\/2024\/12\/1.png\" \/>\n\t<meta property=\"og:image:width\" content=\"1080\" \/>\n\t<meta property=\"og:image:height\" content=\"1080\" \/>\n\t<meta property=\"og:image:type\" content=\"image\/png\" \/>\n<meta name=\"twitter:card\" content=\"summary_large_image\" \/>\n<meta name=\"twitter:label1\" content=\"Predpokladan\u00fd \u010das \u010d\u00edtania\" \/>\n\t<meta name=\"twitter:data1\" content=\"1 min\u00fata\" \/>\n<script type=\"application\/ld+json\" class=\"yoast-schema-graph\">{\"@context\":\"https:\/\/schema.org\",\"@graph\":[{\"@type\":\"WebPage\",\"@id\":\"https:\/\/2keepers.com\/sk\/obchod\/rukavice\/brankarske-rukavice-kk-________\/\",\"url\":\"https:\/\/2keepers.com\/sk\/obchod\/rukavice\/brankarske-rukavice-kk-________\/\",\"name\":\"Brank\u00e1rske rukavice KK EDGE - KK Gloves\",\"isPartOf\":{\"@id\":\"https:\/\/2keepers.com\/sk\/#website\"},\"primaryImageOfPage\":{\"@id\":\"https:\/\/2keepers.com\/sk\/obchod\/rukavice\/brankarske-rukavice-kk-________\/#primaryimage\"},\"image\":{\"@id\":\"https:\/\/2keepers.com\/sk\/obchod\/rukavice\/brankarske-rukavice-kk-________\/#primaryimage\"},\"thumbnailUrl\":\"https:\/\/2keepers.com\/wp-content\/uploads\/2024\/12\/1.png\",\"datePublished\":\"2024-12-18T19:59:57+00:00\",\"dateModified\":\"2025-12-04T10:43:06+00:00\",\"description\":\"Nov\u00e1 ed\u00edcia brank\u00e1rskych rukav\u00edc KK Gloves v\u00e1s tentokr\u00e1t oh\u00fari nielen svojim dizajnom ale aj pohodlnos\u0165ou zvonku \u010di zvn\u00fatra!\",\"breadcrumb\":{\"@id\":\"https:\/\/2keepers.com\/sk\/obchod\/rukavice\/brankarske-rukavice-kk-________\/#breadcrumb\"},\"inLanguage\":\"sk-SK\",\"potentialAction\":[{\"@type\":\"ReadAction\",\"target\":[\"https:\/\/2keepers.com\/sk\/obchod\/rukavice\/brankarske-rukavice-kk-________\/\"]}]},{\"@type\":\"ImageObject\",\"inLanguage\":\"sk-SK\",\"@id\":\"https:\/\/2keepers.com\/sk\/obchod\/rukavice\/brankarske-rukavice-kk-________\/#primaryimage\",\"url\":\"https:\/\/2keepers.com\/wp-content\/uploads\/2024\/12\/1.png\",\"contentUrl\":\"https:\/\/2keepers.com\/wp-content\/uploads\/2024\/12\/1.png\",\"width\":1080,\"height\":1080},{\"@type\":\"BreadcrumbList\",\"@id\":\"https:\/\/2keepers.com\/sk\/obchod\/rukavice\/brankarske-rukavice-kk-________\/#breadcrumb\",\"itemListElement\":[{\"@type\":\"ListItem\",\"position\":1,\"name\":\"Domovsk\u00e1 str\u00e1nka\",\"item\":\"https:\/\/2keepers.com\/sk\/\"},{\"@type\":\"ListItem\",\"position\":2,\"name\":\"Obchod\",\"item\":\"https:\/\/2keepers.com\/obchod\/\"},{\"@type\":\"ListItem\",\"position\":3,\"name\":\"Brank\u00e1rske rukavice KK EDGE\"}]},{\"@type\":\"WebSite\",\"@id\":\"https:\/\/2keepers.com\/sk\/#website\",\"url\":\"https:\/\/2keepers.com\/sk\/\",\"name\":\"KK Gloves\",\"description\":\"\",\"publisher\":{\"@id\":\"https:\/\/2keepers.com\/sk\/#organization\"},\"potentialAction\":[{\"@type\":\"SearchAction\",\"target\":{\"@type\":\"EntryPoint\",\"urlTemplate\":\"https:\/\/2keepers.com\/sk\/?s={search_term_string}\"},\"query-input\":{\"@type\":\"PropertyValueSpecification\",\"valueRequired\":true,\"valueName\":\"search_term_string\"}}],\"inLanguage\":\"sk-SK\"},{\"@type\":\"Organization\",\"@id\":\"https:\/\/2keepers.com\/sk\/#organization\",\"name\":\"KK Gloves\",\"url\":\"https:\/\/2keepers.com\/sk\/\",\"logo\":{\"@type\":\"ImageObject\",\"inLanguage\":\"sk-SK\",\"@id\":\"https:\/\/2keepers.com\/sk\/#\/schema\/logo\/image\/\",\"url\":\"https:\/\/2keepers.com\/wp-content\/uploads\/2024\/06\/logo.png\",\"contentUrl\":\"https:\/\/2keepers.com\/wp-content\/uploads\/2024\/06\/logo.png\",\"width\":863,\"height\":1013,\"caption\":\"KK Gloves\"},\"image\":{\"@id\":\"https:\/\/2keepers.com\/sk\/#\/schema\/logo\/image\/\"},\"sameAs\":[\"https:\/\/www.facebook.com\/people\/KK-GLOVESsk-Brankrske-rukavice\/100083376575174\/\",\"https:\/\/www.instagram.com\/kk_gloves.sk?igsh=cTh2NTVlejVjcWo3\"]}]}<\/script>\n<!-- \/ Yoast SEO plugin. -->","yoast_head_json":{"title":"Brank\u00e1rske rukavice KK EDGE - KK Gloves","description":"Nov\u00e1 ed\u00edcia brank\u00e1rskych rukav\u00edc KK Gloves v\u00e1s tentokr\u00e1t oh\u00fari nielen svojim dizajnom ale aj pohodlnos\u0165ou zvonku \u010di zvn\u00fatra!","robots":{"index":"index","follow":"follow","max-snippet":"max-snippet:-1","max-image-preview":"max-image-preview:large","max-video-preview":"max-video-preview:-1"},"canonical":"https:\/\/2keepers.com\/sk\/obchod\/rukavice\/brankarske-rukavice-kk-________\/","og_locale":"sk_SK","og_type":"article","og_title":"Brank\u00e1rske rukavice KK EDGE - KK Gloves","og_description":"Nov\u00e1 ed\u00edcia brank\u00e1rskych rukav\u00edc KK Gloves v\u00e1s tentokr\u00e1t oh\u00fari nielen svojim dizajnom ale aj pohodlnos\u0165ou zvonku \u010di zvn\u00fatra!","og_url":"https:\/\/2keepers.com\/sk\/obchod\/rukavice\/brankarske-rukavice-kk-________\/","og_site_name":"KK Gloves","article_publisher":"https:\/\/www.facebook.com\/people\/KK-GLOVESsk-Brankrske-rukavice\/100083376575174\/","article_modified_time":"2025-12-04T10:43:06+00:00","og_image":[{"width":1080,"height":1080,"url":"https:\/\/2keepers.com\/wp-content\/uploads\/2024\/12\/1.png","type":"image\/png"}],"twitter_card":"summary_large_image","twitter_misc":{"Predpokladan\u00fd \u010das \u010d\u00edtania":"1 min\u00fata"},"schema":{"@context":"https:\/\/schema.org","@graph":[{"@type":"WebPage","@id":"https:\/\/2keepers.com\/sk\/obchod\/rukavice\/brankarske-rukavice-kk-________\/","url":"https:\/\/2keepers.com\/sk\/obchod\/rukavice\/brankarske-rukavice-kk-________\/","name":"Brank\u00e1rske rukavice KK EDGE - KK Gloves","isPartOf":{"@id":"https:\/\/2keepers.com\/sk\/#website"},"primaryImageOfPage":{"@id":"https:\/\/2keepers.com\/sk\/obchod\/rukavice\/brankarske-rukavice-kk-________\/#primaryimage"},"image":{"@id":"https:\/\/2keepers.com\/sk\/obchod\/rukavice\/brankarske-rukavice-kk-________\/#primaryimage"},"thumbnailUrl":"https:\/\/2keepers.com\/wp-content\/uploads\/2024\/12\/1.png","datePublished":"2024-12-18T19:59:57+00:00","dateModified":"2025-12-04T10:43:06+00:00","description":"Nov\u00e1 ed\u00edcia brank\u00e1rskych rukav\u00edc KK Gloves v\u00e1s tentokr\u00e1t oh\u00fari nielen svojim dizajnom ale aj pohodlnos\u0165ou zvonku \u010di zvn\u00fatra!","breadcrumb":{"@id":"https:\/\/2keepers.com\/sk\/obchod\/rukavice\/brankarske-rukavice-kk-________\/#breadcrumb"},"inLanguage":"sk-SK","potentialAction":[{"@type":"ReadAction","target":["https:\/\/2keepers.com\/sk\/obchod\/rukavice\/brankarske-rukavice-kk-________\/"]}]},{"@type":"ImageObject","inLanguage":"sk-SK","@id":"https:\/\/2keepers.com\/sk\/obchod\/rukavice\/brankarske-rukavice-kk-________\/#primaryimage","url":"https:\/\/2keepers.com\/wp-content\/uploads\/2024\/12\/1.png","contentUrl":"https:\/\/2keepers.com\/wp-content\/uploads\/2024\/12\/1.png","width":1080,"height":1080},{"@type":"BreadcrumbList","@id":"https:\/\/2keepers.com\/sk\/obchod\/rukavice\/brankarske-rukavice-kk-________\/#breadcrumb","itemListElement":[{"@type":"ListItem","position":1,"name":"Domovsk\u00e1 str\u00e1nka","item":"https:\/\/2keepers.com\/sk\/"},{"@type":"ListItem","position":2,"name":"Obchod","item":"https:\/\/2keepers.com\/obchod\/"},{"@type":"ListItem","position":3,"name":"Brank\u00e1rske rukavice KK EDGE"}]},{"@type":"WebSite","@id":"https:\/\/2keepers.com\/sk\/#website","url":"https:\/\/2keepers.com\/sk\/","name":"KK Gloves","description":"","publisher":{"@id":"https:\/\/2keepers.com\/sk\/#organization"},"potentialAction":[{"@type":"SearchAction","target":{"@type":"EntryPoint","urlTemplate":"https:\/\/2keepers.com\/sk\/?s={search_term_string}"},"query-input":{"@type":"PropertyValueSpecification","valueRequired":true,"valueName":"search_term_string"}}],"inLanguage":"sk-SK"},{"@type":"Organization","@id":"https:\/\/2keepers.com\/sk\/#organization","name":"KK Gloves","url":"https:\/\/2keepers.com\/sk\/","logo":{"@type":"ImageObject","inLanguage":"sk-SK","@id":"https:\/\/2keepers.com\/sk\/#\/schema\/logo\/image\/","url":"https:\/\/2keepers.com\/wp-content\/uploads\/2024\/06\/logo.png","contentUrl":"https:\/\/2keepers.com\/wp-content\/uploads\/2024\/06\/logo.png","width":863,"height":1013,"caption":"KK Gloves"},"image":{"@id":"https:\/\/2keepers.com\/sk\/#\/schema\/logo\/image\/"},"sameAs":["https:\/\/www.facebook.com\/people\/KK-GLOVESsk-Brankrske-rukavice\/100083376575174\/","https:\/\/www.instagram.com\/kk_gloves.sk?igsh=cTh2NTVlejVjcWo3"]}]}},"_links":{"self":[{"href":"https:\/\/2keepers.com\/sk\/wp-json\/wp\/v2\/product\/871","targetHints":{"allow":["GET"]}}],"collection":[{"href":"https:\/\/2keepers.com\/sk\/wp-json\/wp\/v2\/product"}],"about":[{"href":"https:\/\/2keepers.com\/sk\/wp-json\/wp\/v2\/types\/product"}],"wp:featuredmedia":[{"embeddable":true,"href":"https:\/\/2keepers.com\/sk\/wp-json\/wp\/v2\/media\/872"}],"wp:attachment":[{"href":"https:\/\/2keepers.com\/sk\/wp-json\/wp\/v2\/media?parent=871"}],"wp:term":[{"taxonomy":"product_brand","embeddable":true,"href":"https:\/\/2keepers.com\/sk\/wp-json\/wp\/v2\/product_brand?post=871"},{"taxonomy":"product_cat","embeddable":true,"href":"https:\/\/2keepers.com\/sk\/wp-json\/wp\/v2\/product_cat?post=871"},{"taxonomy":"product_tag","embeddable":true,"href":"https:\/\/2keepers.com\/sk\/wp-json\/wp\/v2\/product_tag?post=871"}],"curies":[{"name":"wp","href":"https:\/\/api.w.org\/{rel}","templated":true}]}}