{"id":93,"date":"2024-01-07T00:27:07","date_gmt":"2024-01-06T23:27:07","guid":{"rendered":"https:\/\/holecicky.sk\/kk\/?post_type=product&#038;p=93"},"modified":"2025-05-11T00:29:43","modified_gmt":"2025-05-10T22:29:43","slug":"kk-gloves-elegant-black","status":"publish","type":"product","link":"https:\/\/2keepers.com\/sk\/obchod\/rukavice\/kk-gloves-elegant-black\/","title":{"rendered":"Brank\u00e1rske rukavice KK Elegant Black"},"content":{"rendered":"<p>Pozor! Tento model rukav\u00edc #KKgloves je iba pre ve\u013ek\u00fdch eleg\u00e1nov! Rukavice sedia na ruke dokonale. Nie s\u00fa ani mohutn\u00e9, ani pr\u00edli\u0161 tenk\u00e9 &#8211; nazvali by sme ich ZLAT\u00dd STRED&#8230;<\/p>\n<p>&#8222;<strong>KK &#8211; Elegant BLACK<\/strong>&#8220; sme vyrobili v strihu <em><strong>Hybrid Cut<\/strong><\/em>, \u010d\u00edm sme sa sna\u017eili vyhovie\u0165 po\u010detnej skupine brank\u00e1rov, ktor\u00ed tento strih ob\u013eubuj\u00fa.<\/p>\n<p>Brank\u00e1rske rukavice #KKgloves sa odli\u0161uj\u00fa od ostatn\u00fdch <strong>vysokou odolnos\u0165ou vo\u010di po\u0161kodeniu<\/strong>\u00a0a v\u010faka tomu najlep\u0161iemu CONTACT latexu ak\u00fd sme na trhu na\u0161li aj <strong>skvelou pri\u013enavos\u0165ou<\/strong>, ktor\u00e1 v\u00e1s bude sprev\u00e1dza\u0165 po cel\u00fa dobu pou\u017e\u00edvania!<\/p>\n<p>#KKgloves #ElegantBlack #DefendYourGame #BeTheKK #WearTheKK<\/p>\n","protected":false},"excerpt":{"rendered":"<p>Pena: 4mm BLACK CONTACT LATEX<\/p>\n<p>Strih: Hybrid<\/p>\n<p>Backhand Materi\u00e1l: Latex + Airpreen<\/p>\n<p>Farba: \u010cierna<\/p>\n<p>Zap\u00ednanie: Latexov\u00fd up\u00ednac\u00ed p\u00e1sik<\/p>\n","protected":false},"featured_media":94,"template":"","meta":{"_acf_changed":false},"product_brand":[],"product_cat":[16,48],"product_tag":[],"class_list":{"0":"post-93","1":"product","2":"type-product","3":"status-publish","4":"has-post-thumbnail","6":"product_cat-rukavice","7":"product_cat-top-produkty","8":"entry","10":"first","11":"instock","12":"taxable","13":"shipping-taxable","14":"purchasable","15":"product-type-variable"},"acf":[],"yoast_head":"<!-- This site is optimized with the Yoast SEO plugin v26.6 - https:\/\/yoast.com\/wordpress\/plugins\/seo\/ -->\n<title>Brank\u00e1rske rukavice KK Elegant Black - KK Gloves<\/title>\n<meta name=\"description\" content=\"KK Elegant Black s\u00fa vhodn\u00e9 pre prav\u00fdch eleg\u00e1nov medzi troma \u017er\u010fami. 4mm ULTIMATE CONTACT je grip, ktor\u00fd mus\u00ed\u0161 vysk\u00fa\u0161a\u0165. Vyroben\u00e9 s l\u00e1skou na Slovensku.\" \/>\n<meta name=\"robots\" content=\"index, follow, max-snippet:-1, max-image-preview:large, max-video-preview:-1\" \/>\n<link rel=\"canonical\" href=\"https:\/\/2keepers.com\/sk\/obchod\/rukavice\/kk-gloves-elegant-black\/\" \/>\n<meta property=\"og:locale\" content=\"sk_SK\" \/>\n<meta property=\"og:type\" content=\"article\" \/>\n<meta property=\"og:title\" content=\"Brank\u00e1rske rukavice KK Elegant Black - KK Gloves\" \/>\n<meta property=\"og:description\" content=\"KK Elegant Black s\u00fa vhodn\u00e9 pre prav\u00fdch eleg\u00e1nov medzi troma \u017er\u010fami. 4mm ULTIMATE CONTACT je grip, ktor\u00fd mus\u00ed\u0161 vysk\u00fa\u0161a\u0165. Vyroben\u00e9 s l\u00e1skou na Slovensku.\" \/>\n<meta property=\"og:url\" content=\"https:\/\/2keepers.com\/sk\/obchod\/rukavice\/kk-gloves-elegant-black\/\" \/>\n<meta property=\"og:site_name\" content=\"KK Gloves\" \/>\n<meta property=\"article:publisher\" content=\"https:\/\/www.facebook.com\/people\/KK-GLOVESsk-Brankrske-rukavice\/100083376575174\/\" \/>\n<meta property=\"article:modified_time\" content=\"2025-05-10T22:29:43+00:00\" \/>\n<meta property=\"og:image\" content=\"https:\/\/2keepers.com\/wp-content\/uploads\/2024\/01\/KK-BLACK.png\" \/>\n\t<meta property=\"og:image:width\" content=\"1080\" \/>\n\t<meta property=\"og:image:height\" content=\"1080\" \/>\n\t<meta property=\"og:image:type\" content=\"image\/png\" \/>\n<meta name=\"twitter:card\" content=\"summary_large_image\" \/>\n<meta name=\"twitter:label1\" content=\"Predpokladan\u00fd \u010das \u010d\u00edtania\" \/>\n\t<meta name=\"twitter:data1\" content=\"1 min\u00fata\" \/>\n<script type=\"application\/ld+json\" class=\"yoast-schema-graph\">{\"@context\":\"https:\/\/schema.org\",\"@graph\":[{\"@type\":\"WebPage\",\"@id\":\"https:\/\/2keepers.com\/sk\/obchod\/rukavice\/kk-gloves-elegant-black\/\",\"url\":\"https:\/\/2keepers.com\/sk\/obchod\/rukavice\/kk-gloves-elegant-black\/\",\"name\":\"Brank\u00e1rske rukavice KK Elegant Black - KK Gloves\",\"isPartOf\":{\"@id\":\"https:\/\/2keepers.com\/sk\/#website\"},\"primaryImageOfPage\":{\"@id\":\"https:\/\/2keepers.com\/sk\/obchod\/rukavice\/kk-gloves-elegant-black\/#primaryimage\"},\"image\":{\"@id\":\"https:\/\/2keepers.com\/sk\/obchod\/rukavice\/kk-gloves-elegant-black\/#primaryimage\"},\"thumbnailUrl\":\"https:\/\/2keepers.com\/wp-content\/uploads\/2024\/01\/KK-BLACK.png\",\"datePublished\":\"2024-01-06T23:27:07+00:00\",\"dateModified\":\"2025-05-10T22:29:43+00:00\",\"description\":\"KK Elegant Black s\u00fa vhodn\u00e9 pre prav\u00fdch eleg\u00e1nov medzi troma \u017er\u010fami. 4mm ULTIMATE CONTACT je grip, ktor\u00fd mus\u00ed\u0161 vysk\u00fa\u0161a\u0165. Vyroben\u00e9 s l\u00e1skou na Slovensku.\",\"breadcrumb\":{\"@id\":\"https:\/\/2keepers.com\/sk\/obchod\/rukavice\/kk-gloves-elegant-black\/#breadcrumb\"},\"inLanguage\":\"sk-SK\",\"potentialAction\":[{\"@type\":\"ReadAction\",\"target\":[\"https:\/\/2keepers.com\/sk\/obchod\/rukavice\/kk-gloves-elegant-black\/\"]}]},{\"@type\":\"ImageObject\",\"inLanguage\":\"sk-SK\",\"@id\":\"https:\/\/2keepers.com\/sk\/obchod\/rukavice\/kk-gloves-elegant-black\/#primaryimage\",\"url\":\"https:\/\/2keepers.com\/wp-content\/uploads\/2024\/01\/KK-BLACK.png\",\"contentUrl\":\"https:\/\/2keepers.com\/wp-content\/uploads\/2024\/01\/KK-BLACK.png\",\"width\":1080,\"height\":1080},{\"@type\":\"BreadcrumbList\",\"@id\":\"https:\/\/2keepers.com\/sk\/obchod\/rukavice\/kk-gloves-elegant-black\/#breadcrumb\",\"itemListElement\":[{\"@type\":\"ListItem\",\"position\":1,\"name\":\"Domovsk\u00e1 str\u00e1nka\",\"item\":\"https:\/\/2keepers.com\/sk\/\"},{\"@type\":\"ListItem\",\"position\":2,\"name\":\"Obchod\",\"item\":\"https:\/\/2keepers.com\/obchod\/\"},{\"@type\":\"ListItem\",\"position\":3,\"name\":\"Brank\u00e1rske rukavice KK Elegant Black\"}]},{\"@type\":\"WebSite\",\"@id\":\"https:\/\/2keepers.com\/sk\/#website\",\"url\":\"https:\/\/2keepers.com\/sk\/\",\"name\":\"KK Gloves\",\"description\":\"\",\"publisher\":{\"@id\":\"https:\/\/2keepers.com\/sk\/#organization\"},\"potentialAction\":[{\"@type\":\"SearchAction\",\"target\":{\"@type\":\"EntryPoint\",\"urlTemplate\":\"https:\/\/2keepers.com\/sk\/?s={search_term_string}\"},\"query-input\":{\"@type\":\"PropertyValueSpecification\",\"valueRequired\":true,\"valueName\":\"search_term_string\"}}],\"inLanguage\":\"sk-SK\"},{\"@type\":\"Organization\",\"@id\":\"https:\/\/2keepers.com\/sk\/#organization\",\"name\":\"KK Gloves\",\"url\":\"https:\/\/2keepers.com\/sk\/\",\"logo\":{\"@type\":\"ImageObject\",\"inLanguage\":\"sk-SK\",\"@id\":\"https:\/\/2keepers.com\/sk\/#\/schema\/logo\/image\/\",\"url\":\"https:\/\/2keepers.com\/wp-content\/uploads\/2024\/06\/logo.png\",\"contentUrl\":\"https:\/\/2keepers.com\/wp-content\/uploads\/2024\/06\/logo.png\",\"width\":863,\"height\":1013,\"caption\":\"KK Gloves\"},\"image\":{\"@id\":\"https:\/\/2keepers.com\/sk\/#\/schema\/logo\/image\/\"},\"sameAs\":[\"https:\/\/www.facebook.com\/people\/KK-GLOVESsk-Brankrske-rukavice\/100083376575174\/\",\"https:\/\/www.instagram.com\/kk_gloves.sk?igsh=cTh2NTVlejVjcWo3\"]}]}<\/script>\n<!-- \/ Yoast SEO plugin. -->","yoast_head_json":{"title":"Brank\u00e1rske rukavice KK Elegant Black - KK Gloves","description":"KK Elegant Black s\u00fa vhodn\u00e9 pre prav\u00fdch eleg\u00e1nov medzi troma \u017er\u010fami. 4mm ULTIMATE CONTACT je grip, ktor\u00fd mus\u00ed\u0161 vysk\u00fa\u0161a\u0165. Vyroben\u00e9 s l\u00e1skou na Slovensku.","robots":{"index":"index","follow":"follow","max-snippet":"max-snippet:-1","max-image-preview":"max-image-preview:large","max-video-preview":"max-video-preview:-1"},"canonical":"https:\/\/2keepers.com\/sk\/obchod\/rukavice\/kk-gloves-elegant-black\/","og_locale":"sk_SK","og_type":"article","og_title":"Brank\u00e1rske rukavice KK Elegant Black - KK Gloves","og_description":"KK Elegant Black s\u00fa vhodn\u00e9 pre prav\u00fdch eleg\u00e1nov medzi troma \u017er\u010fami. 4mm ULTIMATE CONTACT je grip, ktor\u00fd mus\u00ed\u0161 vysk\u00fa\u0161a\u0165. Vyroben\u00e9 s l\u00e1skou na Slovensku.","og_url":"https:\/\/2keepers.com\/sk\/obchod\/rukavice\/kk-gloves-elegant-black\/","og_site_name":"KK Gloves","article_publisher":"https:\/\/www.facebook.com\/people\/KK-GLOVESsk-Brankrske-rukavice\/100083376575174\/","article_modified_time":"2025-05-10T22:29:43+00:00","og_image":[{"width":1080,"height":1080,"url":"https:\/\/2keepers.com\/wp-content\/uploads\/2024\/01\/KK-BLACK.png","type":"image\/png"}],"twitter_card":"summary_large_image","twitter_misc":{"Predpokladan\u00fd \u010das \u010d\u00edtania":"1 min\u00fata"},"schema":{"@context":"https:\/\/schema.org","@graph":[{"@type":"WebPage","@id":"https:\/\/2keepers.com\/sk\/obchod\/rukavice\/kk-gloves-elegant-black\/","url":"https:\/\/2keepers.com\/sk\/obchod\/rukavice\/kk-gloves-elegant-black\/","name":"Brank\u00e1rske rukavice KK Elegant Black - KK Gloves","isPartOf":{"@id":"https:\/\/2keepers.com\/sk\/#website"},"primaryImageOfPage":{"@id":"https:\/\/2keepers.com\/sk\/obchod\/rukavice\/kk-gloves-elegant-black\/#primaryimage"},"image":{"@id":"https:\/\/2keepers.com\/sk\/obchod\/rukavice\/kk-gloves-elegant-black\/#primaryimage"},"thumbnailUrl":"https:\/\/2keepers.com\/wp-content\/uploads\/2024\/01\/KK-BLACK.png","datePublished":"2024-01-06T23:27:07+00:00","dateModified":"2025-05-10T22:29:43+00:00","description":"KK Elegant Black s\u00fa vhodn\u00e9 pre prav\u00fdch eleg\u00e1nov medzi troma \u017er\u010fami. 4mm ULTIMATE CONTACT je grip, ktor\u00fd mus\u00ed\u0161 vysk\u00fa\u0161a\u0165. Vyroben\u00e9 s l\u00e1skou na Slovensku.","breadcrumb":{"@id":"https:\/\/2keepers.com\/sk\/obchod\/rukavice\/kk-gloves-elegant-black\/#breadcrumb"},"inLanguage":"sk-SK","potentialAction":[{"@type":"ReadAction","target":["https:\/\/2keepers.com\/sk\/obchod\/rukavice\/kk-gloves-elegant-black\/"]}]},{"@type":"ImageObject","inLanguage":"sk-SK","@id":"https:\/\/2keepers.com\/sk\/obchod\/rukavice\/kk-gloves-elegant-black\/#primaryimage","url":"https:\/\/2keepers.com\/wp-content\/uploads\/2024\/01\/KK-BLACK.png","contentUrl":"https:\/\/2keepers.com\/wp-content\/uploads\/2024\/01\/KK-BLACK.png","width":1080,"height":1080},{"@type":"BreadcrumbList","@id":"https:\/\/2keepers.com\/sk\/obchod\/rukavice\/kk-gloves-elegant-black\/#breadcrumb","itemListElement":[{"@type":"ListItem","position":1,"name":"Domovsk\u00e1 str\u00e1nka","item":"https:\/\/2keepers.com\/sk\/"},{"@type":"ListItem","position":2,"name":"Obchod","item":"https:\/\/2keepers.com\/obchod\/"},{"@type":"ListItem","position":3,"name":"Brank\u00e1rske rukavice KK Elegant Black"}]},{"@type":"WebSite","@id":"https:\/\/2keepers.com\/sk\/#website","url":"https:\/\/2keepers.com\/sk\/","name":"KK Gloves","description":"","publisher":{"@id":"https:\/\/2keepers.com\/sk\/#organization"},"potentialAction":[{"@type":"SearchAction","target":{"@type":"EntryPoint","urlTemplate":"https:\/\/2keepers.com\/sk\/?s={search_term_string}"},"query-input":{"@type":"PropertyValueSpecification","valueRequired":true,"valueName":"search_term_string"}}],"inLanguage":"sk-SK"},{"@type":"Organization","@id":"https:\/\/2keepers.com\/sk\/#organization","name":"KK Gloves","url":"https:\/\/2keepers.com\/sk\/","logo":{"@type":"ImageObject","inLanguage":"sk-SK","@id":"https:\/\/2keepers.com\/sk\/#\/schema\/logo\/image\/","url":"https:\/\/2keepers.com\/wp-content\/uploads\/2024\/06\/logo.png","contentUrl":"https:\/\/2keepers.com\/wp-content\/uploads\/2024\/06\/logo.png","width":863,"height":1013,"caption":"KK Gloves"},"image":{"@id":"https:\/\/2keepers.com\/sk\/#\/schema\/logo\/image\/"},"sameAs":["https:\/\/www.facebook.com\/people\/KK-GLOVESsk-Brankrske-rukavice\/100083376575174\/","https:\/\/www.instagram.com\/kk_gloves.sk?igsh=cTh2NTVlejVjcWo3"]}]}},"_links":{"self":[{"href":"https:\/\/2keepers.com\/sk\/wp-json\/wp\/v2\/product\/93","targetHints":{"allow":["GET"]}}],"collection":[{"href":"https:\/\/2keepers.com\/sk\/wp-json\/wp\/v2\/product"}],"about":[{"href":"https:\/\/2keepers.com\/sk\/wp-json\/wp\/v2\/types\/product"}],"wp:featuredmedia":[{"embeddable":true,"href":"https:\/\/2keepers.com\/sk\/wp-json\/wp\/v2\/media\/94"}],"wp:attachment":[{"href":"https:\/\/2keepers.com\/sk\/wp-json\/wp\/v2\/media?parent=93"}],"wp:term":[{"taxonomy":"product_brand","embeddable":true,"href":"https:\/\/2keepers.com\/sk\/wp-json\/wp\/v2\/product_brand?post=93"},{"taxonomy":"product_cat","embeddable":true,"href":"https:\/\/2keepers.com\/sk\/wp-json\/wp\/v2\/product_cat?post=93"},{"taxonomy":"product_tag","embeddable":true,"href":"https:\/\/2keepers.com\/sk\/wp-json\/wp\/v2\/product_tag?post=93"}],"curies":[{"name":"wp","href":"https:\/\/api.w.org\/{rel}","templated":true}]}}